{"id":56,"date":"2019-10-01T09:35:05","date_gmt":"2019-10-01T09:35:05","guid":{"rendered":"http:\/\/meetmeatandtrade.com\/?page_id=56"},"modified":"2021-12-13T10:19:43","modified_gmt":"2021-12-13T10:19:43","slug":"our-company","status":"publish","type":"page","link":"https:\/\/meetmeatandtrade.com\/es\/our-company\/","title":{"rendered":"Nuestra Compa\u00f1ia"},"content":{"rendered":"<div data-elementor-type=\"wp-page\" data-elementor-id=\"56\" class=\"elementor elementor-56\" data-elementor-post-type=\"page\">\n\t\t\t\t\t\t<section class=\"elementor-section elementor-top-section elementor-element elementor-element-636b3379 elementor-section-stretched elementor-section-full_width elementor-hidden-desktop elementor-section-height-default elementor-section-height-default\" data-id=\"636b3379\" data-element_type=\"section\" data-e-type=\"section\" data-settings=\"{&quot;stretch_section&quot;:&quot;section-stretched&quot;,&quot;background_background&quot;:&quot;classic&quot;}\">\n\t\t\t\t\t\t\t<div class=\"elementor-background-overlay\"><\/div>\n\t\t\t\t\t\t\t<div class=\"elementor-container elementor-column-gap-default\">\n\t\t\t\t\t<div class=\"elementor-column elementor-col-100 elementor-top-column elementor-element elementor-element-89f7ff2\" data-id=\"89f7ff2\" data-element_type=\"column\" data-e-type=\"column\">\n\t\t\t<div class=\"elementor-widget-wrap elementor-element-populated\">\n\t\t\t\t\t\t<div class=\"elementor-element elementor-element-19a6026 elementor-widget elementor-widget-text-editor\" data-id=\"19a6026\" data-element_type=\"widget\" data-e-type=\"widget\" data-widget_type=\"text-editor.default\">\n\t\t\t\t<div class=\"elementor-widget-container\">\n\t\t\t\t\t\t\t\t\t<h1>\u00a0<\/h1><h1>\u00a0<\/h1><h1 style=\"text-align: left; font-size: 150%;\"><b>QUIENES SOMOS<\/b><\/h1><h1 style=\"text-align: left; font-size: 70%;\"><span style=\"vertical-align: inherit;\"><span style=\"vertical-align: inherit;\">El Mejor Intermediario Carnico &amp; MarketPlace B2B Especializado<\/span><\/span><\/h1>\t\t\t\t\t\t\t\t<\/div>\n\t\t\t\t<\/div>\n\t\t\t\t\t<\/div>\n\t\t<\/div>\n\t\t\t\t\t<\/div>\n\t\t<\/section>\n\t\t\t\t<section class=\"elementor-section elementor-top-section elementor-element elementor-element-065de2f elementor-section-stretched elementor-section-full_width elementor-hidden-tablet elementor-hidden-mobile elementor-section-height-default elementor-section-height-default\" data-id=\"065de2f\" data-element_type=\"section\" data-e-type=\"section\" data-settings=\"{&quot;stretch_section&quot;:&quot;section-stretched&quot;,&quot;background_background&quot;:&quot;classic&quot;}\">\n\t\t\t\t\t\t\t<div class=\"elementor-background-overlay\"><\/div>\n\t\t\t\t\t\t\t<div class=\"elementor-container elementor-column-gap-default\">\n\t\t\t\t\t<div class=\"elementor-column elementor-col-100 elementor-top-column elementor-element elementor-element-1ad99de\" data-id=\"1ad99de\" data-element_type=\"column\" data-e-type=\"column\">\n\t\t\t<div class=\"elementor-widget-wrap elementor-element-populated\">\n\t\t\t\t\t\t<div class=\"elementor-element elementor-element-08b6b02 elementor-widget elementor-widget-text-editor\" data-id=\"08b6b02\" data-element_type=\"widget\" data-e-type=\"widget\" data-widget_type=\"text-editor.default\">\n\t\t\t\t<div class=\"elementor-widget-container\">\n\t\t\t\t\t\t\t\t\t<h1 style=\"text-align: left; font-size: 450%;\"><b>QUIENES SOMOS<\/b><\/h1><h1 style=\"text-align: left; font-size: 160%;\"><span style=\"vertical-align: inherit;\"><span style=\"vertical-align: inherit;\">El Mejor Intermediario Carnico &amp; MarketPlace B2B Especializado<\/span><\/span><\/h1>\t\t\t\t\t\t\t\t<\/div>\n\t\t\t\t<\/div>\n\t\t\t\t\t<\/div>\n\t\t<\/div>\n\t\t\t\t\t<\/div>\n\t\t<\/section>\n\t\t\t\t<section class=\"elementor-section elementor-top-section elementor-element elementor-element-c3d4f4e elementor-section-stretched elementor-section-full_width elementor-section-content-top elementor-section-height-default elementor-section-height-default\" data-id=\"c3d4f4e\" data-element_type=\"section\" data-e-type=\"section\" data-settings=\"{&quot;background_background&quot;:&quot;classic&quot;,&quot;stretch_section&quot;:&quot;section-stretched&quot;}\">\n\t\t\t\t\t\t<div class=\"elementor-container elementor-column-gap-extended\">\n\t\t\t\t\t<div class=\"elementor-column elementor-col-100 elementor-top-column elementor-element elementor-element-13d0f48\" data-id=\"13d0f48\" data-element_type=\"column\" data-e-type=\"column\" data-settings=\"{&quot;background_background&quot;:&quot;gradient&quot;}\">\n\t\t\t<div class=\"elementor-widget-wrap elementor-element-populated\">\n\t\t\t\t\t\t<div class=\"elementor-element elementor-element-cb94a03 elementor-widget elementor-widget-text-editor\" data-id=\"cb94a03\" data-element_type=\"widget\" data-e-type=\"widget\" data-widget_type=\"text-editor.default\">\n\t\t\t\t<div class=\"elementor-widget-container\">\n\t\t\t\t\t\t\t\t\t<p><strong>MEET MEAT AND TRADE,&nbsp;<\/strong>Es una compa\u00f1\u00eda de intermediaci\u00f3n c\u00e1rnica, que concentra las dos mejores formas de hacer negocios en el sector.<\/p>\n<p><strong>El Trading (intermediaci\u00f3n) cl\u00e1sica y la mas com\u00fan&nbsp;<\/strong>Donde tienes un equipo de trading c\u00e1rnico (intermediaro) que se encarga<\/p>\n<ul>\n<li>La necesidades de materia prima de los compradores y ofertando la mejor opci\u00f3n calidad\/precio seg\u00fan vuestras necesidades<\/li>\n<li>Excedente de existencias del vendedor u ofertas especiales y b\u00fasqueda del comprador adecuado que iguale el mejor precio en las ventas.<\/li>\n<\/ul>\n<p>Even we have the B2B Market place were buyers\/sellers can contact directly we are aware of the need to handle the needs and offer in a close and more personalized way, here is when our&nbsp;<strong>Equipo de Trading<\/strong>&nbsp;do his best jobs always<\/p>\n<p><strong>The new trends<\/strong>, due to technologies evolution and media connecting, making easy the deals between and only between buyers and seller directly (verified 100% no Intermediates) where<\/p>\n<ul>\n<li>Buyer place directly needs and contact sellers directly (100% verified)<\/li>\n<li>Seller place their offers directly and contact buyers directly (100% verified)<\/li>\n<\/ul>\n<p>Aqui es donde&nbsp;<strong>B2B market Place<\/strong>&nbsp;was born as a unique idea to assure our network counts only 100% with end BUYERS and direct SUPLIERS verified one by one, so we make sure in the most favorable commercial environment where you will find the right and clear info about the offers, free of speculation, high commission and long procedures sorting commercial and administrative issues.<\/p>\t\t\t\t\t\t\t\t<\/div>\n\t\t\t\t<\/div>\n\t\t\t\t\t<\/div>\n\t\t<\/div>\n\t\t\t\t\t<\/div>\n\t\t<\/section>\n\t\t\t\t<\/div>","protected":false},"excerpt":{"rendered":"<p>\u00a0 \u00a0 OUR COMPANY The Best Meat Trading Co., and Specialized Meat B2B OUR COMPANY The Best Meat Trading Co., and Specialized Meat B2B MEET MEAT AND TRADE,&nbsp;its and specialized meat company, who gather the best of two trading ways in the meat market. The classic trading &amp; most common:&nbsp;where you have meat trading team &#8230; <a title=\"Nuestra Compa\u00f1ia\" class=\"read-more\" href=\"https:\/\/meetmeatandtrade.com\/es\/our-company\/\" aria-label=\"Leer m\u00e1s sobre Our Company\">Leer m\u00e1s<\/a><\/p>","protected":false},"author":2,"featured_media":0,"parent":0,"menu_order":0,"comment_status":"closed","ping_status":"closed","template":"","meta":{"footnotes":""},"class_list":["post-56","page","type-page","status-publish"],"yoast_head":"<!-- This site is optimized with the Yoast SEO plugin v27.2 - https:\/\/yoast.com\/product\/yoast-seo-wordpress\/ -->\n<title>Wholesale Meat Brokers | Meet Meat and Trade<\/title>\n<meta name=\"description\" content=\"We are meat brokers, we ensure the most favorable commercial environment where you will find the right offers. \u00a1Enter now!\" \/>\n<meta name=\"robots\" content=\"index, follow, max-snippet:-1, max-image-preview:large, max-video-preview:-1\" \/>\n<link rel=\"canonical\" href=\"https:\/\/meetmeatandtrade.com\/es\/our-company\/\" \/>\n<meta property=\"og:locale\" content=\"es_ES\" \/>\n<meta property=\"og:type\" content=\"article\" \/>\n<meta property=\"og:title\" content=\"Wholesale Meat Brokers | Meet Meat and Trade\" \/>\n<meta property=\"og:description\" content=\"We are meat brokers, we ensure the most favorable commercial environment where you will find the right offers. \u00a1Enter now!\" \/>\n<meta property=\"og:url\" content=\"https:\/\/meetmeatandtrade.com\/es\/our-company\/\" \/>\n<meta property=\"article:modified_time\" content=\"2021-12-13T10:19:43+00:00\" \/>\n<meta name=\"twitter:card\" content=\"summary_large_image\" \/>\n<meta name=\"twitter:label1\" content=\"Tiempo de lectura\" \/>\n\t<meta name=\"twitter:data1\" content=\"1 minuto\" \/>\n<script type=\"application\/ld+json\" class=\"yoast-schema-graph\">{\"@context\":\"https:\/\/schema.org\",\"@graph\":[{\"@type\":\"WebPage\",\"@id\":\"https:\/\/meetmeatandtrade.com\/our-company\/\",\"url\":\"https:\/\/meetmeatandtrade.com\/our-company\/\",\"name\":\"Wholesale Meat Brokers | Meet Meat and Trade\",\"isPartOf\":{\"@id\":\"https:\/\/meetmeatandtrade.com\/#website\"},\"datePublished\":\"2019-10-01T09:35:05+00:00\",\"dateModified\":\"2021-12-13T10:19:43+00:00\",\"description\":\"We are meat brokers, we ensure the most favorable commercial environment where you will find the right offers. \u00a1Enter now!\",\"breadcrumb\":{\"@id\":\"https:\/\/meetmeatandtrade.com\/our-company\/#breadcrumb\"},\"inLanguage\":\"es\",\"potentialAction\":[{\"@type\":\"ReadAction\",\"target\":[\"https:\/\/meetmeatandtrade.com\/our-company\/\"]}]},{\"@type\":\"BreadcrumbList\",\"@id\":\"https:\/\/meetmeatandtrade.com\/our-company\/#breadcrumb\",\"itemListElement\":[{\"@type\":\"ListItem\",\"position\":1,\"name\":\"Home\",\"item\":\"https:\/\/meetmeatandtrade.com\/\"},{\"@type\":\"ListItem\",\"position\":2,\"name\":\"Our Company\"}]},{\"@type\":\"WebSite\",\"@id\":\"https:\/\/meetmeatandtrade.com\/#website\",\"url\":\"https:\/\/meetmeatandtrade.com\/\",\"name\":\"\",\"description\":\"\",\"potentialAction\":[{\"@type\":\"SearchAction\",\"target\":{\"@type\":\"EntryPoint\",\"urlTemplate\":\"https:\/\/meetmeatandtrade.com\/?s={search_term_string}\"},\"query-input\":{\"@type\":\"PropertyValueSpecification\",\"valueRequired\":true,\"valueName\":\"search_term_string\"}}],\"inLanguage\":\"es\"}]}<\/script>\n<!-- \/ Yoast SEO plugin. -->","yoast_head_json":{"title":"Wholesale Meat Brokers | Meet Meat and Trade","description":"We are meat brokers, we ensure the most favorable commercial environment where you will find the right offers. \u00a1Enter now!","robots":{"index":"index","follow":"follow","max-snippet":"max-snippet:-1","max-image-preview":"max-image-preview:large","max-video-preview":"max-video-preview:-1"},"canonical":"https:\/\/meetmeatandtrade.com\/es\/our-company\/","og_locale":"es_ES","og_type":"article","og_title":"Wholesale Meat Brokers | Meet Meat and Trade","og_description":"We are meat brokers, we ensure the most favorable commercial environment where you will find the right offers. \u00a1Enter now!","og_url":"https:\/\/meetmeatandtrade.com\/es\/our-company\/","article_modified_time":"2021-12-13T10:19:43+00:00","twitter_card":"summary_large_image","twitter_misc":{"Tiempo de lectura":"1 minuto"},"schema":{"@context":"https:\/\/schema.org","@graph":[{"@type":"WebPage","@id":"https:\/\/meetmeatandtrade.com\/our-company\/","url":"https:\/\/meetmeatandtrade.com\/our-company\/","name":"Wholesale Meat Brokers | Meet Meat and Trade","isPartOf":{"@id":"https:\/\/meetmeatandtrade.com\/#website"},"datePublished":"2019-10-01T09:35:05+00:00","dateModified":"2021-12-13T10:19:43+00:00","description":"We are meat brokers, we ensure the most favorable commercial environment where you will find the right offers. \u00a1Enter now!","breadcrumb":{"@id":"https:\/\/meetmeatandtrade.com\/our-company\/#breadcrumb"},"inLanguage":"es","potentialAction":[{"@type":"ReadAction","target":["https:\/\/meetmeatandtrade.com\/our-company\/"]}]},{"@type":"BreadcrumbList","@id":"https:\/\/meetmeatandtrade.com\/our-company\/#breadcrumb","itemListElement":[{"@type":"ListItem","position":1,"name":"Home","item":"https:\/\/meetmeatandtrade.com\/"},{"@type":"ListItem","position":2,"name":"Our Company"}]},{"@type":"WebSite","@id":"https:\/\/meetmeatandtrade.com\/#website","url":"https:\/\/meetmeatandtrade.com\/","name":"","description":"","potentialAction":[{"@type":"SearchAction","target":{"@type":"EntryPoint","urlTemplate":"https:\/\/meetmeatandtrade.com\/?s={search_term_string}"},"query-input":{"@type":"PropertyValueSpecification","valueRequired":true,"valueName":"search_term_string"}}],"inLanguage":"es"}]}},"_links":{"self":[{"href":"https:\/\/meetmeatandtrade.com\/es\/wp-json\/wp\/v2\/pages\/56","targetHints":{"allow":["GET"]}}],"collection":[{"href":"https:\/\/meetmeatandtrade.com\/es\/wp-json\/wp\/v2\/pages"}],"about":[{"href":"https:\/\/meetmeatandtrade.com\/es\/wp-json\/wp\/v2\/types\/page"}],"author":[{"embeddable":true,"href":"https:\/\/meetmeatandtrade.com\/es\/wp-json\/wp\/v2\/users\/2"}],"replies":[{"embeddable":true,"href":"https:\/\/meetmeatandtrade.com\/es\/wp-json\/wp\/v2\/comments?post=56"}],"version-history":[{"count":102,"href":"https:\/\/meetmeatandtrade.com\/es\/wp-json\/wp\/v2\/pages\/56\/revisions"}],"predecessor-version":[{"id":3106,"href":"https:\/\/meetmeatandtrade.com\/es\/wp-json\/wp\/v2\/pages\/56\/revisions\/3106"}],"wp:attachment":[{"href":"https:\/\/meetmeatandtrade.com\/es\/wp-json\/wp\/v2\/media?parent=56"}],"curies":[{"name":"wp","href":"https:\/\/api.w.org\/{rel}","templated":true}]}}