{"id":4325,"date":"2022-08-19T19:55:17","date_gmt":"2022-08-19T19:55:17","guid":{"rendered":"https:\/\/meetmeatandtrade.com\/?page_id=4325"},"modified":"2026-02-12T20:23:45","modified_gmt":"2026-02-12T20:23:45","slug":"news","status":"publish","type":"page","link":"https:\/\/meetmeatandtrade.com\/es\/news\/","title":{"rendered":"Noticias"},"content":{"rendered":"<div data-elementor-type=\"wp-page\" data-elementor-id=\"4325\" class=\"elementor elementor-4325\" data-elementor-post-type=\"page\">\n\t\t\t\t\t\t<section class=\"elementor-section elementor-top-section elementor-element elementor-element-3533b56 elementor-section-stretched elementor-section-full_width elementor-section-height-min-height elementor-hidden-desktop elementor-section-height-default elementor-section-items-middle\" data-id=\"3533b56\" data-element_type=\"section\" data-e-type=\"section\" data-settings=\"{&quot;stretch_section&quot;:&quot;section-stretched&quot;,&quot;background_background&quot;:&quot;classic&quot;}\">\n\t\t\t\t\t\t\t<div class=\"elementor-background-overlay\"><\/div>\n\t\t\t\t\t\t\t<div class=\"elementor-container elementor-column-gap-default\">\n\t\t\t\t\t<div class=\"elementor-column elementor-col-100 elementor-top-column elementor-element elementor-element-c612e26\" data-id=\"c612e26\" data-element_type=\"column\" data-e-type=\"column\">\n\t\t\t<div class=\"elementor-widget-wrap\">\n\t\t\t\t\t\t\t<\/div>\n\t\t<\/div>\n\t\t\t\t\t<\/div>\n\t\t<\/section>\n\t\t\t\t<section class=\"elementor-section elementor-top-section elementor-element elementor-element-0fa34c5 elementor-section-stretched elementor-section-full_width elementor-section-height-min-height elementor-hidden-tablet elementor-hidden-mobile elementor-section-height-default elementor-section-items-middle\" data-id=\"0fa34c5\" data-element_type=\"section\" data-e-type=\"section\" data-settings=\"{&quot;stretch_section&quot;:&quot;section-stretched&quot;,&quot;background_background&quot;:&quot;classic&quot;}\">\n\t\t\t\t\t\t\t<div class=\"elementor-background-overlay\"><\/div>\n\t\t\t\t\t\t\t<div class=\"elementor-container elementor-column-gap-default\">\n\t\t\t\t\t<div class=\"elementor-column elementor-col-100 elementor-top-column elementor-element elementor-element-276ec53\" data-id=\"276ec53\" data-element_type=\"column\" data-e-type=\"column\">\n\t\t\t<div class=\"elementor-widget-wrap elementor-element-populated\">\n\t\t\t\t\t\t<div class=\"elementor-element elementor-element-c64893d elementor-widget elementor-widget-text-editor\" data-id=\"c64893d\" data-element_type=\"widget\" data-e-type=\"widget\" data-widget_type=\"text-editor.default\">\n\t\t\t\t<div class=\"elementor-widget-container\">\n\t\t\t\t\t\t\t\t\t<h1 style=\"text-align: left; font-size: 450%;\"><b>MEAT NEWS<\/b><\/h1><h2 style=\"text-align: left; font-size: 160%;\"><span style=\"vertical-align: inherit;\"><span style=\"vertical-align: inherit;\">El Mejor Intermediario Carnico &amp; MarketPlace B2B Especializado\u00a0 \u00a0<\/span><\/span><\/h2>\t\t\t\t\t\t\t\t<\/div>\n\t\t\t\t<\/div>\n\t\t\t\t\t<\/div>\n\t\t<\/div>\n\t\t\t\t\t<\/div>\n\t\t<\/section>\n\t\t\t\t<section class=\"elementor-section elementor-top-section elementor-element elementor-element-1ae1dfa elementor-section-full_width elementor-section-content-top elementor-section-stretched elementor-section-height-default elementor-section-height-default\" data-id=\"1ae1dfa\" data-element_type=\"section\" data-e-type=\"section\" data-settings=\"{&quot;stretch_section&quot;:&quot;section-stretched&quot;,&quot;background_background&quot;:&quot;classic&quot;}\">\n\t\t\t\t\t\t<div class=\"elementor-container elementor-column-gap-extended\">\n\t\t\t\t\t<div class=\"elementor-column elementor-col-16 elementor-top-column elementor-element elementor-element-42d944b\" data-id=\"42d944b\" data-element_type=\"column\" data-e-type=\"column\">\n\t\t\t<div class=\"elementor-widget-wrap elementor-element-populated\">\n\t\t\t\t\t\t<div class=\"elementor-element elementor-element-fe2a4fc elementor-widget elementor-widget-image\" data-id=\"fe2a4fc\" data-element_type=\"widget\" data-e-type=\"widget\" data-widget_type=\"image.default\">\n\t\t\t\t<div class=\"elementor-widget-container\">\n\t\t\t\t\t\t\t\t\t\t\t\t\t\t\t<img fetchpriority=\"high\" decoding=\"async\" width=\"768\" height=\"470\" src=\"https:\/\/meetmeatandtrade.com\/wp-content\/uploads\/2024\/09\/USA-768x470.png\" class=\"attachment-medium_large size-medium_large wp-image-5348\" alt=\"New office opening announced on Meat News\" srcset=\"https:\/\/meetmeatandtrade.com\/wp-content\/uploads\/2024\/09\/USA-768x470.png 768w, https:\/\/meetmeatandtrade.com\/wp-content\/uploads\/2024\/09\/USA-300x184.png 300w, https:\/\/meetmeatandtrade.com\/wp-content\/uploads\/2024\/09\/USA-1024x627.png 1024w, https:\/\/meetmeatandtrade.com\/wp-content\/uploads\/2024\/09\/USA-1536x941.png 1536w, https:\/\/meetmeatandtrade.com\/wp-content\/uploads\/2024\/09\/USA-18x12.png 18w, https:\/\/meetmeatandtrade.com\/wp-content\/uploads\/2024\/09\/USA.png 1600w\" sizes=\"(max-width: 768px) 100vw, 768px\" \/>\t\t\t\t\t\t\t\t\t\t\t\t\t\t\t<\/div>\n\t\t\t\t<\/div>\n\t\t\t\t<div class=\"elementor-element elementor-element-e8a980a elementor-widget elementor-widget-text-editor\" data-id=\"e8a980a\" data-element_type=\"widget\" data-e-type=\"widget\" data-widget_type=\"text-editor.default\">\n\t\t\t\t<div class=\"elementor-widget-container\">\n\t\t\t\t\t\t\t\t\t<h3 style=\"text-align: left;font-weight: bold;color: #ff0000;\">NEW COMMERCIAL OFFICIE &#8211; FL USA 10\/24<\/h3>\n<strong>Publicado 10 Sep 2024\u00a0<\/strong>\nAmpliando nuestra visi\u00f3n pronto contamos con una oficina en USA Orlando Florida en Coworking para atender a todos nuestros clientes en Regus Orlando Lake Nona Center. Abierto para atenci\u00f3n\u00a0<span style=\"font-family: var( --e-global-typography-text-font-family ), quick; font-weight: var( --e-global-typography-text-font-weight );\">Oct 2024<\/span>\t\t\t\t\t\t\t\t<\/div>\n\t\t\t\t<\/div>\n\t\t\t\t\t<\/div>\n\t\t<\/div>\n\t\t\t\t<div class=\"elementor-column elementor-col-16 elementor-top-column elementor-element elementor-element-70ba102\" data-id=\"70ba102\" data-element_type=\"column\" data-e-type=\"column\">\n\t\t\t<div class=\"elementor-widget-wrap elementor-element-populated\">\n\t\t\t\t\t\t<div class=\"elementor-element elementor-element-8d6d29f elementor-widget elementor-widget-image\" data-id=\"8d6d29f\" data-element_type=\"widget\" data-e-type=\"widget\" data-widget_type=\"image.default\">\n\t\t\t\t<div class=\"elementor-widget-container\">\n\t\t\t\t\t\t\t\t\t\t\t\t\t\t\t<img decoding=\"async\" width=\"768\" height=\"470\" src=\"https:\/\/meetmeatandtrade.com\/wp-content\/uploads\/2024\/09\/Sial-2024-768x470.jpg\" class=\"attachment-medium_large size-medium_large wp-image-5349\" alt=\"Poster of Sial event on Meat news\" srcset=\"https:\/\/meetmeatandtrade.com\/wp-content\/uploads\/2024\/09\/Sial-2024-768x470.jpg 768w, https:\/\/meetmeatandtrade.com\/wp-content\/uploads\/2024\/09\/Sial-2024-300x184.jpg 300w, https:\/\/meetmeatandtrade.com\/wp-content\/uploads\/2024\/09\/Sial-2024-1024x627.jpg 1024w, https:\/\/meetmeatandtrade.com\/wp-content\/uploads\/2024\/09\/Sial-2024-1536x941.jpg 1536w, https:\/\/meetmeatandtrade.com\/wp-content\/uploads\/2024\/09\/Sial-2024-18x12.jpg 18w, https:\/\/meetmeatandtrade.com\/wp-content\/uploads\/2024\/09\/Sial-2024.jpg 1600w\" sizes=\"(max-width: 768px) 100vw, 768px\" \/>\t\t\t\t\t\t\t\t\t\t\t\t\t\t\t<\/div>\n\t\t\t\t<\/div>\n\t\t\t\t<div class=\"elementor-element elementor-element-cf3e9e6 elementor-widget elementor-widget-text-editor\" data-id=\"cf3e9e6\" data-element_type=\"widget\" data-e-type=\"widget\" data-widget_type=\"text-editor.default\">\n\t\t\t\t<div class=\"elementor-widget-container\">\n\t\t\t\t\t\t\t\t\t<h3 style=\"text-align: left;font-weight: bold;color: #ff0000;\">SIAL 2024 Feria Alimentacion 19-23 Oct 24<\/h3>\n\n<p style=\"text-align: left;\"><span style=\"font-weight: bold;\">Publicado 10 Sep 2024\u00a0<\/span>\nEstaremos presentes en SIAL PARIS \u201924, como visitantes. Reun\u00e1monos, estaremos del 19 al 23 de octubre. Env\u00edenos un correo electr\u00f3nico y reserve su reuni\u00f3n.<\/p>\t\t\t\t\t\t\t\t<\/div>\n\t\t\t\t<\/div>\n\t\t\t\t\t<\/div>\n\t\t<\/div>\n\t\t\t\t<div class=\"elementor-column elementor-col-16 elementor-top-column elementor-element elementor-element-97bb13e\" data-id=\"97bb13e\" data-element_type=\"column\" data-e-type=\"column\">\n\t\t\t<div class=\"elementor-widget-wrap elementor-element-populated\">\n\t\t\t\t\t\t<div class=\"elementor-element elementor-element-db90631 elementor-widget elementor-widget-image\" data-id=\"db90631\" data-element_type=\"widget\" data-e-type=\"widget\" data-widget_type=\"image.default\">\n\t\t\t\t<div class=\"elementor-widget-container\">\n\t\t\t\t\t\t\t\t\t\t\t\t\t\t\t<img decoding=\"async\" src=\"https:\/\/meetmeatandtrade.com\/wp-content\/uploads\/elementor\/thumbs\/alimentaria-2-qkim1qd0w2vznp4u5nqpxws3nelwordfjoivmp66pw.jpg\" title=\"alimentaria 2\" alt=\"alimentaria 2\" loading=\"lazy\" \/>\t\t\t\t\t\t\t\t\t\t\t\t\t\t\t<\/div>\n\t\t\t\t<\/div>\n\t\t\t\t<div class=\"elementor-element elementor-element-e13bb55 elementor-widget elementor-widget-text-editor\" data-id=\"e13bb55\" data-element_type=\"widget\" data-e-type=\"widget\" data-widget_type=\"text-editor.default\">\n\t\t\t\t<div class=\"elementor-widget-container\">\n\t\t\t\t\t\t\t\t\t<h3 style=\"text-align: left;font-weight: bold;color: #ff0000;\">Alimentaria 2024 (18-19 Mar 24)<\/h3>\n<strong>Publicado: 29 Feb 2024<\/strong>\nWe&#8217;ll be attending ALIMENTARIA BARCELONA 24&#8242;, as visitors. Let&#8217;s have a meet, We will be from 18-19th Mar. Email us and\u00a0Book your meeting\t\t\t\t\t\t\t\t<\/div>\n\t\t\t\t<\/div>\n\t\t\t\t\t<\/div>\n\t\t<\/div>\n\t\t\t\t<div class=\"elementor-column elementor-col-16 elementor-top-column elementor-element elementor-element-04e5a0b\" data-id=\"04e5a0b\" data-element_type=\"column\" data-e-type=\"column\">\n\t\t\t<div class=\"elementor-widget-wrap elementor-element-populated\">\n\t\t\t\t\t\t<div class=\"elementor-element elementor-element-b05896d elementor-widget elementor-widget-image\" data-id=\"b05896d\" data-element_type=\"widget\" data-e-type=\"widget\" data-widget_type=\"image.default\">\n\t\t\t\t<div class=\"elementor-widget-container\">\n\t\t\t\t\t\t\t\t\t\t\t\t\t\t\t\t<a href=\"https:\/\/g.page\/Sorolla-Centre-923?share\">\n\t\t\t\t\t\t\t<img decoding=\"async\" width=\"768\" height=\"470\" src=\"https:\/\/meetmeatandtrade.com\/wp-content\/uploads\/2022\/08\/Sorolla-Center-768x470.jpg\" class=\"attachment-medium_large size-medium_large wp-image-4473\" alt=\"Meat marketplace headquarters\" srcset=\"https:\/\/meetmeatandtrade.com\/wp-content\/uploads\/2022\/08\/Sorolla-Center-768x470.jpg 768w, https:\/\/meetmeatandtrade.com\/wp-content\/uploads\/2022\/08\/Sorolla-Center-300x184.jpg 300w, https:\/\/meetmeatandtrade.com\/wp-content\/uploads\/2022\/08\/Sorolla-Center-1024x627.jpg 1024w, https:\/\/meetmeatandtrade.com\/wp-content\/uploads\/2022\/08\/Sorolla-Center-1536x941.jpg 1536w, https:\/\/meetmeatandtrade.com\/wp-content\/uploads\/2022\/08\/Sorolla-Center-18x12.jpg 18w, https:\/\/meetmeatandtrade.com\/wp-content\/uploads\/2022\/08\/Sorolla-Center.jpg 1600w\" sizes=\"(max-width: 768px) 100vw, 768px\" \/>\t\t\t\t\t\t\t\t<\/a>\n\t\t\t\t\t\t\t\t\t\t\t\t\t\t\t<\/div>\n\t\t\t\t<\/div>\n\t\t\t\t<div class=\"elementor-element elementor-element-a68fa22 elementor-widget elementor-widget-text-editor\" data-id=\"a68fa22\" data-element_type=\"widget\" data-e-type=\"widget\" data-widget_type=\"text-editor.default\">\n\t\t\t\t<div class=\"elementor-widget-container\">\n\t\t\t\t\t\t\t\t\t<h3 style=\"text-align: left;font-weight: bold;color: #ff0000;\">NEW COMMERCIAL OFFICIE &#8211; SPAIN<\/h3>\n<strong>Publicado: Oct 31 de 2022<\/strong>\nCon mucho gusto os informamos que ya estamos disponibles en las NUEVAS oficinas COMERCIALES para atender a todos nuestros socios Ubicados en Sorolla Center en Valencia Espa\u00f1a\n<a style=\"background-color: #ffffff;\" href=\"https:\/\/g.page\/Sorolla-Centre-923?share\" target=\"_blank\" rel=\"noopener\">Mostrar Ubicacion<\/a>\t\t\t\t\t\t\t\t<\/div>\n\t\t\t\t<\/div>\n\t\t\t\t\t<\/div>\n\t\t<\/div>\n\t\t\t\t<div class=\"elementor-column elementor-col-16 elementor-top-column elementor-element elementor-element-7f19751\" data-id=\"7f19751\" data-element_type=\"column\" data-e-type=\"column\">\n\t\t\t<div class=\"elementor-widget-wrap elementor-element-populated\">\n\t\t\t\t\t\t<div class=\"elementor-element elementor-element-848af17 elementor-widget elementor-widget-image\" data-id=\"848af17\" data-element_type=\"widget\" data-e-type=\"widget\" data-widget_type=\"image.default\">\n\t\t\t\t<div class=\"elementor-widget-container\">\n\t\t\t\t\t\t\t\t\t\t\t\t\t\t\t<img loading=\"lazy\" decoding=\"async\" width=\"768\" height=\"470\" src=\"https:\/\/meetmeatandtrade.com\/wp-content\/uploads\/2023\/06\/Anuga_2023-1-768x470.jpg\" class=\"attachment-medium_large size-medium_large wp-image-4733\" alt=\"Poster for Meat News to announce the attendance in Anuga Cologne 2023\" srcset=\"https:\/\/meetmeatandtrade.com\/wp-content\/uploads\/2023\/06\/Anuga_2023-1-768x470.jpg 768w, https:\/\/meetmeatandtrade.com\/wp-content\/uploads\/2023\/06\/Anuga_2023-1-300x184.jpg 300w, https:\/\/meetmeatandtrade.com\/wp-content\/uploads\/2023\/06\/Anuga_2023-1-1024x627.jpg 1024w, https:\/\/meetmeatandtrade.com\/wp-content\/uploads\/2023\/06\/Anuga_2023-1-1536x941.jpg 1536w, https:\/\/meetmeatandtrade.com\/wp-content\/uploads\/2023\/06\/Anuga_2023-1-18x12.jpg 18w, https:\/\/meetmeatandtrade.com\/wp-content\/uploads\/2023\/06\/Anuga_2023-1.jpg 1600w\" sizes=\"(max-width: 768px) 100vw, 768px\" \/>\t\t\t\t\t\t\t\t\t\t\t\t\t\t\t<\/div>\n\t\t\t\t<\/div>\n\t\t\t\t<div class=\"elementor-element elementor-element-86950cf elementor-widget elementor-widget-text-editor\" data-id=\"86950cf\" data-element_type=\"widget\" data-e-type=\"widget\" data-widget_type=\"text-editor.default\">\n\t\t\t\t<div class=\"elementor-widget-container\">\n\t\t\t\t\t\t\t\t\t<h3 style=\"text-align: left;font-weight: bold;color: #ff0000;\">ANUGA 2023 Food Expo\u00a0(07-11 Oct\/23)<\/h3>\n<span style=\"font-weight: bold;\">Publicado: 22 de Jun 2023<\/span>\nEstaremos presentes en ANUGA COLONIA '23 , como visitantes. Reun\u00e1monos, estaremos del 07-11 de octubre. Env\u00edenos un correo electr\u00f3nico y reserve su reuni\u00f3n\t\t\t\t\t\t\t\t<\/div>\n\t\t\t\t<\/div>\n\t\t\t\t\t<\/div>\n\t\t<\/div>\n\t\t\t\t<div class=\"elementor-column elementor-col-16 elementor-top-column elementor-element elementor-element-50d13bc\" data-id=\"50d13bc\" data-element_type=\"column\" data-e-type=\"column\">\n\t\t\t<div class=\"elementor-widget-wrap elementor-element-populated\">\n\t\t\t\t\t\t<div class=\"elementor-element elementor-element-b890efd elementor-widget elementor-widget-image\" data-id=\"b890efd\" data-element_type=\"widget\" data-e-type=\"widget\" data-widget_type=\"image.default\">\n\t\t\t\t<div class=\"elementor-widget-container\">\n\t\t\t\t\t\t\t\t\t\t\t\t\t\t\t<img loading=\"lazy\" decoding=\"async\" width=\"768\" height=\"470\" src=\"https:\/\/meetmeatandtrade.com\/wp-content\/uploads\/2022\/08\/Sial-2022-768x470.png\" class=\"attachment-medium_large size-medium_large wp-image-4344\" alt=\"SIAL 2022\" srcset=\"https:\/\/meetmeatandtrade.com\/wp-content\/uploads\/2022\/08\/Sial-2022-768x470.png 768w, https:\/\/meetmeatandtrade.com\/wp-content\/uploads\/2022\/08\/Sial-2022-300x184.png 300w, https:\/\/meetmeatandtrade.com\/wp-content\/uploads\/2022\/08\/Sial-2022-1024x627.png 1024w, https:\/\/meetmeatandtrade.com\/wp-content\/uploads\/2022\/08\/Sial-2022-1536x941.png 1536w, https:\/\/meetmeatandtrade.com\/wp-content\/uploads\/2022\/08\/Sial-2022-18x12.png 18w, https:\/\/meetmeatandtrade.com\/wp-content\/uploads\/2022\/08\/Sial-2022.png 1600w\" sizes=\"(max-width: 768px) 100vw, 768px\" \/>\t\t\t\t\t\t\t\t\t\t\t\t\t\t\t<\/div>\n\t\t\t\t<\/div>\n\t\t\t\t<div class=\"elementor-element elementor-element-99d99d6 elementor-widget elementor-widget-text-editor\" data-id=\"99d99d6\" data-element_type=\"widget\" data-e-type=\"widget\" data-widget_type=\"text-editor.default\">\n\t\t\t\t<div class=\"elementor-widget-container\">\n\t\t\t\t\t\t\t\t\t<h3 style=\"text-align: left;font-weight: bold;color: #ff0000;\">SIAL 2022 Feria Alimentaria (15-19 Oct\/22)<\/h3>\n<strong>Publicado:  01 de Sep de 2022\u00a0<\/strong>\nEstaremos presentes en SIAL PARIS '22, como visitantes. Reun\u00e1monos, estaremos del 15 al 19 de octubre. Agenda tu reuni\u00f3n\t\t\t\t\t\t\t\t<\/div>\n\t\t\t\t<\/div>\n\t\t\t\t\t<\/div>\n\t\t<\/div>\n\t\t\t\t\t<\/div>\n\t\t<\/section>\n\t\t\t\t<\/div>","protected":false},"excerpt":{"rendered":"<p>MEAT NEWS The Best Meat Trading Co., and Specialized Meat B2B\u00a0 \u00a0 NEW COMMERCIAL OFFICIE &#8211; FL USA 10\/24 Posted: 10th Sep 2024\u00a0 Expanding our vision soon we count with office in USA Orlando Florida at Coworking to attend all our customer at Regus Orlando Lake Nona Center. Open to attend\u00a0Oct 2024 SIAL 2024 Food &#8230; <a title=\"Noticias\" class=\"read-more\" href=\"https:\/\/meetmeatandtrade.com\/es\/news\/\" aria-label=\"Leer m\u00e1s sobre News\">Leer m\u00e1s<\/a><\/p>","protected":false},"author":2,"featured_media":0,"parent":0,"menu_order":0,"comment_status":"closed","ping_status":"closed","template":"","meta":{"footnotes":""},"class_list":["post-4325","page","type-page","status-publish"],"yoast_head":"<!-- This site is optimized with the Yoast SEO plugin v27.2 - https:\/\/yoast.com\/product\/yoast-seo-wordpress\/ -->\n<title>Market Place Meats | Meet Meat and Trade<\/title>\n<meta name=\"description\" content=\"Visit our market place meats and find the best wholesale meat prices. Discover the best negotations and meet the best professionals. \u00a1Try now!\" \/>\n<meta name=\"robots\" content=\"index, follow, max-snippet:-1, max-image-preview:large, max-video-preview:-1\" \/>\n<link rel=\"canonical\" href=\"https:\/\/meetmeatandtrade.com\/es\/news\/\" \/>\n<meta property=\"og:locale\" content=\"es_ES\" \/>\n<meta property=\"og:type\" content=\"article\" \/>\n<meta property=\"og:title\" content=\"Market Place Meats | Meet Meat and Trade\" \/>\n<meta property=\"og:description\" content=\"Visit our market place meats and find the best wholesale meat prices. Discover the best negotations and meet the best professionals. \u00a1Try now!\" \/>\n<meta property=\"og:url\" content=\"https:\/\/meetmeatandtrade.com\/es\/news\/\" \/>\n<meta property=\"article:modified_time\" content=\"2026-02-12T20:23:45+00:00\" \/>\n<meta property=\"og:image\" content=\"https:\/\/meetmeatandtrade.com\/wp-content\/uploads\/2024\/09\/USA.png\" \/>\n\t<meta property=\"og:image:width\" content=\"1600\" \/>\n\t<meta property=\"og:image:height\" content=\"980\" \/>\n\t<meta property=\"og:image:type\" content=\"image\/png\" \/>\n<meta name=\"twitter:card\" content=\"summary_large_image\" \/>\n<meta name=\"twitter:label1\" content=\"Tiempo de lectura\" \/>\n\t<meta name=\"twitter:data1\" content=\"3 minutos\" \/>\n<script type=\"application\/ld+json\" class=\"yoast-schema-graph\">{\"@context\":\"https:\/\/schema.org\",\"@graph\":[{\"@type\":\"WebPage\",\"@id\":\"https:\/\/meetmeatandtrade.com\/news\/\",\"url\":\"https:\/\/meetmeatandtrade.com\/news\/\",\"name\":\"Market Place Meats | Meet Meat and Trade\",\"isPartOf\":{\"@id\":\"https:\/\/meetmeatandtrade.com\/#website\"},\"primaryImageOfPage\":{\"@id\":\"https:\/\/meetmeatandtrade.com\/news\/#primaryimage\"},\"image\":{\"@id\":\"https:\/\/meetmeatandtrade.com\/news\/#primaryimage\"},\"thumbnailUrl\":\"https:\/\/meetmeatandtrade.com\/wp-content\/uploads\/2024\/09\/USA-768x470.png\",\"datePublished\":\"2022-08-19T19:55:17+00:00\",\"dateModified\":\"2026-02-12T20:23:45+00:00\",\"description\":\"Visit our market place meats and find the best wholesale meat prices. Discover the best negotations and meet the best professionals. \u00a1Try now!\",\"breadcrumb\":{\"@id\":\"https:\/\/meetmeatandtrade.com\/news\/#breadcrumb\"},\"inLanguage\":\"es\",\"potentialAction\":[{\"@type\":\"ReadAction\",\"target\":[\"https:\/\/meetmeatandtrade.com\/news\/\"]}]},{\"@type\":\"ImageObject\",\"inLanguage\":\"es\",\"@id\":\"https:\/\/meetmeatandtrade.com\/news\/#primaryimage\",\"url\":\"https:\/\/meetmeatandtrade.com\/wp-content\/uploads\/2024\/09\/USA-768x470.png\",\"contentUrl\":\"https:\/\/meetmeatandtrade.com\/wp-content\/uploads\/2024\/09\/USA-768x470.png\"},{\"@type\":\"BreadcrumbList\",\"@id\":\"https:\/\/meetmeatandtrade.com\/news\/#breadcrumb\",\"itemListElement\":[{\"@type\":\"ListItem\",\"position\":1,\"name\":\"Home\",\"item\":\"https:\/\/meetmeatandtrade.com\/\"},{\"@type\":\"ListItem\",\"position\":2,\"name\":\"News\"}]},{\"@type\":\"WebSite\",\"@id\":\"https:\/\/meetmeatandtrade.com\/#website\",\"url\":\"https:\/\/meetmeatandtrade.com\/\",\"name\":\"\",\"description\":\"\",\"potentialAction\":[{\"@type\":\"SearchAction\",\"target\":{\"@type\":\"EntryPoint\",\"urlTemplate\":\"https:\/\/meetmeatandtrade.com\/?s={search_term_string}\"},\"query-input\":{\"@type\":\"PropertyValueSpecification\",\"valueRequired\":true,\"valueName\":\"search_term_string\"}}],\"inLanguage\":\"es\"}]}<\/script>\n<!-- \/ Yoast SEO plugin. -->","yoast_head_json":{"title":"Market Place Meats | Meet Meat and Trade","description":"Visit our market place meats and find the best wholesale meat prices. Discover the best negotations and meet the best professionals. \u00a1Try now!","robots":{"index":"index","follow":"follow","max-snippet":"max-snippet:-1","max-image-preview":"max-image-preview:large","max-video-preview":"max-video-preview:-1"},"canonical":"https:\/\/meetmeatandtrade.com\/es\/news\/","og_locale":"es_ES","og_type":"article","og_title":"Market Place Meats | Meet Meat and Trade","og_description":"Visit our market place meats and find the best wholesale meat prices. Discover the best negotations and meet the best professionals. \u00a1Try now!","og_url":"https:\/\/meetmeatandtrade.com\/es\/news\/","article_modified_time":"2026-02-12T20:23:45+00:00","og_image":[{"width":1600,"height":980,"url":"https:\/\/meetmeatandtrade.com\/wp-content\/uploads\/2024\/09\/USA.png","type":"image\/png"}],"twitter_card":"summary_large_image","twitter_misc":{"Tiempo de lectura":"3 minutos"},"schema":{"@context":"https:\/\/schema.org","@graph":[{"@type":"WebPage","@id":"https:\/\/meetmeatandtrade.com\/news\/","url":"https:\/\/meetmeatandtrade.com\/news\/","name":"Market Place Meats | Meet Meat and Trade","isPartOf":{"@id":"https:\/\/meetmeatandtrade.com\/#website"},"primaryImageOfPage":{"@id":"https:\/\/meetmeatandtrade.com\/news\/#primaryimage"},"image":{"@id":"https:\/\/meetmeatandtrade.com\/news\/#primaryimage"},"thumbnailUrl":"https:\/\/meetmeatandtrade.com\/wp-content\/uploads\/2024\/09\/USA-768x470.png","datePublished":"2022-08-19T19:55:17+00:00","dateModified":"2026-02-12T20:23:45+00:00","description":"Visit our market place meats and find the best wholesale meat prices. Discover the best negotations and meet the best professionals. \u00a1Try now!","breadcrumb":{"@id":"https:\/\/meetmeatandtrade.com\/news\/#breadcrumb"},"inLanguage":"es","potentialAction":[{"@type":"ReadAction","target":["https:\/\/meetmeatandtrade.com\/news\/"]}]},{"@type":"ImageObject","inLanguage":"es","@id":"https:\/\/meetmeatandtrade.com\/news\/#primaryimage","url":"https:\/\/meetmeatandtrade.com\/wp-content\/uploads\/2024\/09\/USA-768x470.png","contentUrl":"https:\/\/meetmeatandtrade.com\/wp-content\/uploads\/2024\/09\/USA-768x470.png"},{"@type":"BreadcrumbList","@id":"https:\/\/meetmeatandtrade.com\/news\/#breadcrumb","itemListElement":[{"@type":"ListItem","position":1,"name":"Home","item":"https:\/\/meetmeatandtrade.com\/"},{"@type":"ListItem","position":2,"name":"News"}]},{"@type":"WebSite","@id":"https:\/\/meetmeatandtrade.com\/#website","url":"https:\/\/meetmeatandtrade.com\/","name":"","description":"","potentialAction":[{"@type":"SearchAction","target":{"@type":"EntryPoint","urlTemplate":"https:\/\/meetmeatandtrade.com\/?s={search_term_string}"},"query-input":{"@type":"PropertyValueSpecification","valueRequired":true,"valueName":"search_term_string"}}],"inLanguage":"es"}]}},"_links":{"self":[{"href":"https:\/\/meetmeatandtrade.com\/es\/wp-json\/wp\/v2\/pages\/4325","targetHints":{"allow":["GET"]}}],"collection":[{"href":"https:\/\/meetmeatandtrade.com\/es\/wp-json\/wp\/v2\/pages"}],"about":[{"href":"https:\/\/meetmeatandtrade.com\/es\/wp-json\/wp\/v2\/types\/page"}],"author":[{"embeddable":true,"href":"https:\/\/meetmeatandtrade.com\/es\/wp-json\/wp\/v2\/users\/2"}],"replies":[{"embeddable":true,"href":"https:\/\/meetmeatandtrade.com\/es\/wp-json\/wp\/v2\/comments?post=4325"}],"version-history":[{"count":163,"href":"https:\/\/meetmeatandtrade.com\/es\/wp-json\/wp\/v2\/pages\/4325\/revisions"}],"predecessor-version":[{"id":5526,"href":"https:\/\/meetmeatandtrade.com\/es\/wp-json\/wp\/v2\/pages\/4325\/revisions\/5526"}],"wp:attachment":[{"href":"https:\/\/meetmeatandtrade.com\/es\/wp-json\/wp\/v2\/media?parent=4325"}],"curies":[{"name":"wp","href":"https:\/\/api.w.org\/{rel}","templated":true}]}}