{"id":238,"date":"2019-10-02T10:56:35","date_gmt":"2019-10-02T10:56:35","guid":{"rendered":"http:\/\/meetmeatandtrade.com\/?page_id=238"},"modified":"2021-12-20T15:53:14","modified_gmt":"2021-12-20T15:53:14","slug":"copyright-and-industrial","status":"publish","type":"page","link":"https:\/\/meetmeatandtrade.com\/es\/copyright-and-industrial\/","title":{"rendered":"DERECHOS RESERVADOS E Ind."},"content":{"rendered":"<div data-elementor-type=\"wp-page\" data-elementor-id=\"238\" class=\"elementor elementor-238\" data-elementor-post-type=\"page\">\n\t\t\t\t\t\t<section class=\"elementor-section elementor-top-section elementor-element elementor-element-d94083d elementor-section-full_width elementor-section-stretched elementor-section-height-default elementor-section-height-default\" data-id=\"d94083d\" data-element_type=\"section\" data-e-type=\"section\" data-settings=\"{&quot;stretch_section&quot;:&quot;section-stretched&quot;}\">\n\t\t\t\t\t\t<div class=\"elementor-container elementor-column-gap-default\">\n\t\t\t\t\t<div class=\"elementor-column elementor-col-100 elementor-top-column elementor-element elementor-element-c1a9b22\" data-id=\"c1a9b22\" data-element_type=\"column\" data-e-type=\"column\">\n\t\t\t<div class=\"elementor-widget-wrap elementor-element-populated\">\n\t\t\t\t\t\t<div class=\"elementor-element elementor-element-6643ccf elementor-widget elementor-widget-text-editor\" data-id=\"6643ccf\" data-element_type=\"widget\" data-e-type=\"widget\" data-widget_type=\"text-editor.default\">\n\t\t\t\t<div class=\"elementor-widget-container\">\n\t\t\t\t\t\t\t\t\t<p><\/p>\n<h1 style=\"text-align: center;\"><b>DERECHOS DE AUTOR E INDUSTRIAL<\/b><\/h1>\n<div class=\"contenido\">\n<p>https:\/\/www.meetmeatandtrade.com Por s\u00ed mismo o como cesionario parcial, es titular de todos los derechos de propiedad intelectual e industrial del Sitio Web, as\u00ed como de los elementos contenidos en el mismo (por ejemplo y no exhaustivo, im\u00e1genes, sonido, audio, video, software o textos, marcas o logotipos, combinaciones de colores, estructura y dise\u00f1o, selecci\u00f3n de materiales utilizados, programas de computadora necesarios para su funcionamiento, acceso y uso, etc.). Ser\u00e1n, por tanto, obras protegidas como derechos de autor por la legislaci\u00f3n jur\u00eddica espa\u00f1ola, aplic\u00e1ndoles tanto la normativa espa\u00f1ola y comunitaria en este campo, como los tratados internacionales relativos a la materia y suscritos por Espa\u00f1a.<\/p>\n<p>Todos los derechos reservados. En virtud de lo dispuesto en la Ley de Propiedad Intelectual, queda expresamente prohibida la reproducci\u00f3n, la distribuci\u00f3n y la comunicaci\u00f3n p\u00fablica, incluida su modalidad de puesta a disposici\u00f3n, de la totalidad o parte de los contenidos de esta p\u00e1gina web, con fines comerciales, en cualquier soporte y por cualquier medio t\u00e9cnico, sin el permiso de https:\/\/www.meeatmeatandttrade.com.<\/p>\n<p>El Usuario se compromete a respetar los derechos de propiedad intelectual e industrial de https:\/\/www.meeatmeatandttrade.com. Podr\u00e1 visualizar los elementos del Sitio Web o incluso<\/p>\n<p>Imprimirlos, copiarlos y almacenarlos en el disco duro de su computadora o en cualquier otro soporte f\u00edsico siempre que sea, exclusivamente, para su uso personal. El Usuario, sin embargo, no podr\u00e1 suprimir, alterar o manipular ning\u00fan dispositivo de protecci\u00f3n o sistema de seguridad que estuviera instalado en el Sitio Web.<\/p>\n<p>En caso de que el Usuario o un tercero considere que alguno de los Contenidos del Sitio Web supone una violaci\u00f3n de los derechos de protecci\u00f3n de los derechos de autor, deber\u00e1 comunicarlo inmediatamente a https:\/\/www.meetmeatandtrade.com a trav\u00e9s de los datos de contacto. del apartado de INFORMACI\u00d3N GENERAL de este Aviso Legal y Condiciones Generales de Uso.<\/p>\n<\/div>\t\t\t\t\t\t\t\t<\/div>\n\t\t\t\t<\/div>\n\t\t\t\t\t<\/div>\n\t\t<\/div>\n\t\t\t\t\t<\/div>\n\t\t<\/section>\n\t\t\t\t<\/div>","protected":false},"excerpt":{"rendered":"<p>COPYRIGHT AND INDUSTRIAL https:\/\/www.meetmeatandtrade.com By himself or like part assignee, is to title of all the intellectual property rights and industrial of the Website, as well as of the elements contained in the same (for example and no exhaustive, images, sound, audio, video, software or texts, marks or logos, combinations of colors, structure and design, &#8230; <a title=\"DERECHOS RESERVADOS E Ind.\" class=\"read-more\" href=\"https:\/\/meetmeatandtrade.com\/es\/copyright-and-industrial\/\" aria-label=\"Leer m\u00e1s sobre COPYRIGHT AND INDUSTRIAL\">Leer m\u00e1s<\/a><\/p>","protected":false},"author":2,"featured_media":0,"parent":0,"menu_order":0,"comment_status":"closed","ping_status":"closed","template":"","meta":{"footnotes":""},"class_list":["post-238","page","type-page","status-publish"],"yoast_head":"<!-- This site is optimized with the Yoast SEO plugin v27.2 - https:\/\/yoast.com\/product\/yoast-seo-wordpress\/ -->\n<title>COPYRIGHT AND INDUSTRIAL -<\/title>\n<meta name=\"robots\" content=\"index, follow, max-snippet:-1, max-image-preview:large, max-video-preview:-1\" \/>\n<link rel=\"canonical\" href=\"https:\/\/meetmeatandtrade.com\/es\/copyright-and-industrial\/\" \/>\n<meta property=\"og:locale\" content=\"es_ES\" \/>\n<meta property=\"og:type\" content=\"article\" \/>\n<meta property=\"og:title\" content=\"COPYRIGHT AND INDUSTRIAL -\" \/>\n<meta property=\"og:description\" content=\"COPYRIGHT AND INDUSTRIAL https:\/\/www.meetmeatandtrade.com By himself or like part assignee, is to title of all the intellectual property rights and industrial of the Website, as well as of the elements contained in the same (for example and no exhaustive, images, sound, audio, video, software or texts, marks or logos, combinations of colors, structure and design, ... Leer m\u00e1s\" \/>\n<meta property=\"og:url\" content=\"https:\/\/meetmeatandtrade.com\/es\/copyright-and-industrial\/\" \/>\n<meta property=\"article:modified_time\" content=\"2021-12-20T15:53:14+00:00\" \/>\n<meta name=\"twitter:card\" content=\"summary_large_image\" \/>\n<meta name=\"twitter:label1\" content=\"Tiempo de lectura\" \/>\n\t<meta name=\"twitter:data1\" content=\"3 minutos\" \/>\n<script type=\"application\/ld+json\" class=\"yoast-schema-graph\">{\"@context\":\"https:\/\/schema.org\",\"@graph\":[{\"@type\":\"WebPage\",\"@id\":\"https:\/\/meetmeatandtrade.com\/copyright-and-industrial\/\",\"url\":\"https:\/\/meetmeatandtrade.com\/copyright-and-industrial\/\",\"name\":\"COPYRIGHT AND INDUSTRIAL -\",\"isPartOf\":{\"@id\":\"https:\/\/meetmeatandtrade.com\/#website\"},\"datePublished\":\"2019-10-02T10:56:35+00:00\",\"dateModified\":\"2021-12-20T15:53:14+00:00\",\"breadcrumb\":{\"@id\":\"https:\/\/meetmeatandtrade.com\/copyright-and-industrial\/#breadcrumb\"},\"inLanguage\":\"es\",\"potentialAction\":[{\"@type\":\"ReadAction\",\"target\":[\"https:\/\/meetmeatandtrade.com\/copyright-and-industrial\/\"]}]},{\"@type\":\"BreadcrumbList\",\"@id\":\"https:\/\/meetmeatandtrade.com\/copyright-and-industrial\/#breadcrumb\",\"itemListElement\":[{\"@type\":\"ListItem\",\"position\":1,\"name\":\"Home\",\"item\":\"https:\/\/meetmeatandtrade.com\/\"},{\"@type\":\"ListItem\",\"position\":2,\"name\":\"COPYRIGHT AND INDUSTRIAL\"}]},{\"@type\":\"WebSite\",\"@id\":\"https:\/\/meetmeatandtrade.com\/#website\",\"url\":\"https:\/\/meetmeatandtrade.com\/\",\"name\":\"\",\"description\":\"\",\"potentialAction\":[{\"@type\":\"SearchAction\",\"target\":{\"@type\":\"EntryPoint\",\"urlTemplate\":\"https:\/\/meetmeatandtrade.com\/?s={search_term_string}\"},\"query-input\":{\"@type\":\"PropertyValueSpecification\",\"valueRequired\":true,\"valueName\":\"search_term_string\"}}],\"inLanguage\":\"es\"}]}<\/script>\n<!-- \/ Yoast SEO plugin. -->","yoast_head_json":{"title":"COPYRIGHT AND INDUSTRIAL -","robots":{"index":"index","follow":"follow","max-snippet":"max-snippet:-1","max-image-preview":"max-image-preview:large","max-video-preview":"max-video-preview:-1"},"canonical":"https:\/\/meetmeatandtrade.com\/es\/copyright-and-industrial\/","og_locale":"es_ES","og_type":"article","og_title":"COPYRIGHT AND INDUSTRIAL -","og_description":"COPYRIGHT AND INDUSTRIAL https:\/\/www.meetmeatandtrade.com By himself or like part assignee, is to title of all the intellectual property rights and industrial of the Website, as well as of the elements contained in the same (for example and no exhaustive, images, sound, audio, video, software or texts, marks or logos, combinations of colors, structure and design, ... Leer m\u00e1s","og_url":"https:\/\/meetmeatandtrade.com\/es\/copyright-and-industrial\/","article_modified_time":"2021-12-20T15:53:14+00:00","twitter_card":"summary_large_image","twitter_misc":{"Tiempo de lectura":"3 minutos"},"schema":{"@context":"https:\/\/schema.org","@graph":[{"@type":"WebPage","@id":"https:\/\/meetmeatandtrade.com\/copyright-and-industrial\/","url":"https:\/\/meetmeatandtrade.com\/copyright-and-industrial\/","name":"COPYRIGHT AND INDUSTRIAL -","isPartOf":{"@id":"https:\/\/meetmeatandtrade.com\/#website"},"datePublished":"2019-10-02T10:56:35+00:00","dateModified":"2021-12-20T15:53:14+00:00","breadcrumb":{"@id":"https:\/\/meetmeatandtrade.com\/copyright-and-industrial\/#breadcrumb"},"inLanguage":"es","potentialAction":[{"@type":"ReadAction","target":["https:\/\/meetmeatandtrade.com\/copyright-and-industrial\/"]}]},{"@type":"BreadcrumbList","@id":"https:\/\/meetmeatandtrade.com\/copyright-and-industrial\/#breadcrumb","itemListElement":[{"@type":"ListItem","position":1,"name":"Home","item":"https:\/\/meetmeatandtrade.com\/"},{"@type":"ListItem","position":2,"name":"COPYRIGHT AND INDUSTRIAL"}]},{"@type":"WebSite","@id":"https:\/\/meetmeatandtrade.com\/#website","url":"https:\/\/meetmeatandtrade.com\/","name":"","description":"","potentialAction":[{"@type":"SearchAction","target":{"@type":"EntryPoint","urlTemplate":"https:\/\/meetmeatandtrade.com\/?s={search_term_string}"},"query-input":{"@type":"PropertyValueSpecification","valueRequired":true,"valueName":"search_term_string"}}],"inLanguage":"es"}]}},"_links":{"self":[{"href":"https:\/\/meetmeatandtrade.com\/es\/wp-json\/wp\/v2\/pages\/238","targetHints":{"allow":["GET"]}}],"collection":[{"href":"https:\/\/meetmeatandtrade.com\/es\/wp-json\/wp\/v2\/pages"}],"about":[{"href":"https:\/\/meetmeatandtrade.com\/es\/wp-json\/wp\/v2\/types\/page"}],"author":[{"embeddable":true,"href":"https:\/\/meetmeatandtrade.com\/es\/wp-json\/wp\/v2\/users\/2"}],"replies":[{"embeddable":true,"href":"https:\/\/meetmeatandtrade.com\/es\/wp-json\/wp\/v2\/comments?post=238"}],"version-history":[{"count":13,"href":"https:\/\/meetmeatandtrade.com\/es\/wp-json\/wp\/v2\/pages\/238\/revisions"}],"predecessor-version":[{"id":3970,"href":"https:\/\/meetmeatandtrade.com\/es\/wp-json\/wp\/v2\/pages\/238\/revisions\/3970"}],"wp:attachment":[{"href":"https:\/\/meetmeatandtrade.com\/es\/wp-json\/wp\/v2\/media?parent=238"}],"curies":[{"name":"wp","href":"https:\/\/api.w.org\/{rel}","templated":true}]}}