{"id":235,"date":"2019-10-02T10:50:53","date_gmt":"2019-10-02T10:50:53","guid":{"rendered":"http:\/\/meetmeatandtrade.com\/?page_id=235"},"modified":"2021-12-20T15:32:03","modified_gmt":"2021-12-20T15:32:03","slug":"politics-of-links","status":"publish","type":"page","link":"https:\/\/meetmeatandtrade.com\/es\/politics-of-links\/","title":{"rendered":"POLITICS OF LINKS"},"content":{"rendered":"<div data-elementor-type=\"wp-page\" data-elementor-id=\"235\" class=\"elementor elementor-235\" data-elementor-post-type=\"page\">\n\t\t\t\t\t\t<section class=\"elementor-section elementor-top-section elementor-element elementor-element-7324ece elementor-section-full_width elementor-section-stretched elementor-section-height-default elementor-section-height-default\" data-id=\"7324ece\" data-element_type=\"section\" data-e-type=\"section\" data-settings=\"{&quot;stretch_section&quot;:&quot;section-stretched&quot;}\">\n\t\t\t\t\t\t<div class=\"elementor-container elementor-column-gap-default\">\n\t\t\t\t\t<div class=\"elementor-column elementor-col-100 elementor-top-column elementor-element elementor-element-e72d135\" data-id=\"e72d135\" data-element_type=\"column\" data-e-type=\"column\">\n\t\t\t<div class=\"elementor-widget-wrap elementor-element-populated\">\n\t\t\t\t\t\t<div class=\"elementor-element elementor-element-070163d elementor-widget elementor-widget-text-editor\" data-id=\"070163d\" data-element_type=\"widget\" data-e-type=\"widget\" data-widget_type=\"text-editor.default\">\n\t\t\t\t<div class=\"elementor-widget-container\">\n\t\t\t\t\t\t\t\t\t\n<h1 style=\"text-align: center;\"><strong>POLITICA DE ENLACES<\/strong><\/h1>\n<div class=\"contenido\">\n<p>Informa que el Sitio Web de https:\/\/www.meetmeatandtrade.com pone o puede poner a disposici\u00f3n de los usuarios medios de enlace (como, entre otros, enlaces, banners, botones), directorios y buscadores que permiten a los Usuarios acceder a sitios web pertenecientes y \/ o gestionados por terceros.<\/p>\n<p>La instalaci\u00f3n de estos enlaces, directorios y buscadores en el Sitio Web tiene por objeto facilitar a los Usuarios la b\u00fasqueda y acceso a la informaci\u00f3n disponible en Internet, sin que se pueda considerar sugerencia, recomendaci\u00f3n o invitaci\u00f3n para la visita del mismo.<\/p>\n<p>https:\/\/www.meetmeatandtrade.com No ofrece ni comercializa por s\u00ed mismo ni por medio de terceros los productos y \/ o servicios disponibles en dichos lugares enlazados.<\/p>\n<p>Asimismo, tampoco garantizar\u00e1 la disponibilidad t\u00e9cnica, exactitud, veracidad, vigencia o licitud de lugares ajenos a su propiedad a los que se pueda acceder mediante los enlaces.<\/p>\n<p>https:\/\/www.meetmeatandtrade.com En ning\u00fan caso revisar\u00e1 o controlar\u00e1 el contenido de otros sitios web, as\u00ed como tampoco aprueba, examina ni posee los productos y servicios, contenidos, archivos y cualquier otro material existente en los lugares referidos enlazados.<\/p>\n<p>https:\/\/www.meetmeatandtrade.com no asume responsabilidad alguna por los da\u00f1os y perjuicios que pudieran producirse por el acceso, uso, calidad o licitud de los contenidos, comunicaciones, opiniones, productos y servicios de los sitios web no gestionados por https : \/\/www.meetmeatandtrade.com y que est\u00e1n vinculados en este sitio web.<\/p>\n<p>El Usuario o tercero que realice un enlace desde una p\u00e1gina web de otro sitio web distinto al Sitio Web de https:\/\/www.meetmeatandtrade.com deber\u00e1 saber que:<\/p>\n<p>No permite la reproducci\u00f3n total o parcial de ninguno de los Contenidos y \/ o Servicios del Sitio Web sin el permiso expreso de https:\/\/www.meeatmeatandttrade.com.<\/p>\n<p>No permite ninguna demostraci\u00f3n falsa, inexacta o incorrecta en el Sitio Web de https:\/\/www.meeatmeatandttrade.com, ni sobre los Contenidos y \/ o Servicios del mismo.<\/p>\n<p>A excepci\u00f3n del enlace, el sitio web en el que se establezca dicho hiperenlace no contendr\u00e1 ning\u00fan elemento, de este Sitio Web, protegido como copyright por la legislaci\u00f3n jur\u00eddica espa\u00f1ola, salvo permiso expreso de https:\/\/www.meeatmeatandttrade.com.<\/p>\n<p>El establecimiento del enlace no supondr\u00e1 la existencia de relaciones entre https:\/\/www.meetmeatandtrade.com y el titular del sitio web desde el que se realice, ni el conocimiento y aceptaci\u00f3n por parte de https:\/\/www.meetmeatandtrade.com de los contenidos , servicios y \/ o actividades ofrecidos en dicho sitio web, y viceversa.<\/p>\n<\/div>\t\t\t\t\t\t\t\t<\/div>\n\t\t\t\t<\/div>\n\t\t\t\t\t<\/div>\n\t\t<\/div>\n\t\t\t\t\t<\/div>\n\t\t<\/section>\n\t\t\t\t<\/div>","protected":false},"excerpt":{"rendered":"<p>POLITICS OF LINKS\u00a0 It informs that the Website of https:\/\/www.meetmeatandtrade.com puts or can put to disposal of the half Users of link (as, among others, links, banners, buttons), directories and search engines that allow to the Users access to pertaining websites and\/or managed by third. The installation of these links, directories and search engines in &#8230; <a title=\"POLITICS OF LINKS\" class=\"read-more\" href=\"https:\/\/meetmeatandtrade.com\/es\/politics-of-links\/\" aria-label=\"Leer m\u00e1s sobre POLITICS OF LINKS\">Leer m\u00e1s<\/a><\/p>","protected":false},"author":2,"featured_media":0,"parent":0,"menu_order":0,"comment_status":"closed","ping_status":"closed","template":"","meta":{"footnotes":""},"class_list":["post-235","page","type-page","status-publish"],"yoast_head":"<!-- This site is optimized with the Yoast SEO plugin v27.2 - https:\/\/yoast.com\/product\/yoast-seo-wordpress\/ -->\n<title>POLITICS OF LINKS -<\/title>\n<meta name=\"robots\" content=\"index, follow, max-snippet:-1, max-image-preview:large, max-video-preview:-1\" \/>\n<link rel=\"canonical\" href=\"https:\/\/meetmeatandtrade.com\/es\/politics-of-links\/\" \/>\n<meta property=\"og:locale\" content=\"es_ES\" \/>\n<meta property=\"og:type\" content=\"article\" \/>\n<meta property=\"og:title\" content=\"POLITICS OF LINKS -\" \/>\n<meta property=\"og:description\" content=\"POLITICS OF LINKS\u00a0 It informs that the Website of https:\/\/www.meetmeatandtrade.com puts or can put to disposal of the half Users of link (as, among others, links, banners, buttons), directories and search engines that allow to the Users access to pertaining websites and\/or managed by third. The installation of these links, directories and search engines in ... Leer m\u00e1s\" \/>\n<meta property=\"og:url\" content=\"https:\/\/meetmeatandtrade.com\/es\/politics-of-links\/\" \/>\n<meta property=\"article:modified_time\" content=\"2021-12-20T15:32:03+00:00\" \/>\n<meta name=\"twitter:card\" content=\"summary_large_image\" \/>\n<meta name=\"twitter:label1\" content=\"Tiempo de lectura\" \/>\n\t<meta name=\"twitter:data1\" content=\"4 minutos\" \/>\n<script type=\"application\/ld+json\" class=\"yoast-schema-graph\">{\"@context\":\"https:\/\/schema.org\",\"@graph\":[{\"@type\":\"WebPage\",\"@id\":\"https:\/\/meetmeatandtrade.com\/politics-of-links\/\",\"url\":\"https:\/\/meetmeatandtrade.com\/politics-of-links\/\",\"name\":\"POLITICS OF LINKS -\",\"isPartOf\":{\"@id\":\"https:\/\/meetmeatandtrade.com\/#website\"},\"datePublished\":\"2019-10-02T10:50:53+00:00\",\"dateModified\":\"2021-12-20T15:32:03+00:00\",\"breadcrumb\":{\"@id\":\"https:\/\/meetmeatandtrade.com\/politics-of-links\/#breadcrumb\"},\"inLanguage\":\"es\",\"potentialAction\":[{\"@type\":\"ReadAction\",\"target\":[\"https:\/\/meetmeatandtrade.com\/politics-of-links\/\"]}]},{\"@type\":\"BreadcrumbList\",\"@id\":\"https:\/\/meetmeatandtrade.com\/politics-of-links\/#breadcrumb\",\"itemListElement\":[{\"@type\":\"ListItem\",\"position\":1,\"name\":\"Home\",\"item\":\"https:\/\/meetmeatandtrade.com\/\"},{\"@type\":\"ListItem\",\"position\":2,\"name\":\"POLITICS OF LINKS\"}]},{\"@type\":\"WebSite\",\"@id\":\"https:\/\/meetmeatandtrade.com\/#website\",\"url\":\"https:\/\/meetmeatandtrade.com\/\",\"name\":\"\",\"description\":\"\",\"potentialAction\":[{\"@type\":\"SearchAction\",\"target\":{\"@type\":\"EntryPoint\",\"urlTemplate\":\"https:\/\/meetmeatandtrade.com\/?s={search_term_string}\"},\"query-input\":{\"@type\":\"PropertyValueSpecification\",\"valueRequired\":true,\"valueName\":\"search_term_string\"}}],\"inLanguage\":\"es\"}]}<\/script>\n<!-- \/ Yoast SEO plugin. -->","yoast_head_json":{"title":"POLITICS OF LINKS -","robots":{"index":"index","follow":"follow","max-snippet":"max-snippet:-1","max-image-preview":"max-image-preview:large","max-video-preview":"max-video-preview:-1"},"canonical":"https:\/\/meetmeatandtrade.com\/es\/politics-of-links\/","og_locale":"es_ES","og_type":"article","og_title":"POLITICS OF LINKS -","og_description":"POLITICS OF LINKS\u00a0 It informs that the Website of https:\/\/www.meetmeatandtrade.com puts or can put to disposal of the half Users of link (as, among others, links, banners, buttons), directories and search engines that allow to the Users access to pertaining websites and\/or managed by third. The installation of these links, directories and search engines in ... Leer m\u00e1s","og_url":"https:\/\/meetmeatandtrade.com\/es\/politics-of-links\/","article_modified_time":"2021-12-20T15:32:03+00:00","twitter_card":"summary_large_image","twitter_misc":{"Tiempo de lectura":"4 minutos"},"schema":{"@context":"https:\/\/schema.org","@graph":[{"@type":"WebPage","@id":"https:\/\/meetmeatandtrade.com\/politics-of-links\/","url":"https:\/\/meetmeatandtrade.com\/politics-of-links\/","name":"POLITICS OF LINKS -","isPartOf":{"@id":"https:\/\/meetmeatandtrade.com\/#website"},"datePublished":"2019-10-02T10:50:53+00:00","dateModified":"2021-12-20T15:32:03+00:00","breadcrumb":{"@id":"https:\/\/meetmeatandtrade.com\/politics-of-links\/#breadcrumb"},"inLanguage":"es","potentialAction":[{"@type":"ReadAction","target":["https:\/\/meetmeatandtrade.com\/politics-of-links\/"]}]},{"@type":"BreadcrumbList","@id":"https:\/\/meetmeatandtrade.com\/politics-of-links\/#breadcrumb","itemListElement":[{"@type":"ListItem","position":1,"name":"Home","item":"https:\/\/meetmeatandtrade.com\/"},{"@type":"ListItem","position":2,"name":"POLITICS OF LINKS"}]},{"@type":"WebSite","@id":"https:\/\/meetmeatandtrade.com\/#website","url":"https:\/\/meetmeatandtrade.com\/","name":"","description":"","potentialAction":[{"@type":"SearchAction","target":{"@type":"EntryPoint","urlTemplate":"https:\/\/meetmeatandtrade.com\/?s={search_term_string}"},"query-input":{"@type":"PropertyValueSpecification","valueRequired":true,"valueName":"search_term_string"}}],"inLanguage":"es"}]}},"_links":{"self":[{"href":"https:\/\/meetmeatandtrade.com\/es\/wp-json\/wp\/v2\/pages\/235","targetHints":{"allow":["GET"]}}],"collection":[{"href":"https:\/\/meetmeatandtrade.com\/es\/wp-json\/wp\/v2\/pages"}],"about":[{"href":"https:\/\/meetmeatandtrade.com\/es\/wp-json\/wp\/v2\/types\/page"}],"author":[{"embeddable":true,"href":"https:\/\/meetmeatandtrade.com\/es\/wp-json\/wp\/v2\/users\/2"}],"replies":[{"embeddable":true,"href":"https:\/\/meetmeatandtrade.com\/es\/wp-json\/wp\/v2\/comments?post=235"}],"version-history":[{"count":20,"href":"https:\/\/meetmeatandtrade.com\/es\/wp-json\/wp\/v2\/pages\/235\/revisions"}],"predecessor-version":[{"id":3954,"href":"https:\/\/meetmeatandtrade.com\/es\/wp-json\/wp\/v2\/pages\/235\/revisions\/3954"}],"wp:attachment":[{"href":"https:\/\/meetmeatandtrade.com\/es\/wp-json\/wp\/v2\/media?parent=235"}],"curies":[{"name":"wp","href":"https:\/\/api.w.org\/{rel}","templated":true}]}}