{"id":232,"date":"2019-10-02T10:43:34","date_gmt":"2019-10-02T10:43:34","guid":{"rendered":"http:\/\/meetmeatandtrade.com\/?page_id=232"},"modified":"2023-05-30T16:03:57","modified_gmt":"2023-05-30T16:03:57","slug":"politics-of-cookies","status":"publish","type":"page","link":"https:\/\/meetmeatandtrade.com\/es\/politics-of-cookies\/","title":{"rendered":"POLITICS OF COOKIES"},"content":{"rendered":"<div data-elementor-type=\"wp-page\" data-elementor-id=\"232\" class=\"elementor elementor-232\" data-elementor-post-type=\"page\">\n\t\t\t\t\t\t<section class=\"elementor-section elementor-top-section elementor-element elementor-element-2b98d9a1 elementor-section-full_width elementor-section-stretched elementor-section-height-default elementor-section-height-default\" data-id=\"2b98d9a1\" data-element_type=\"section\" data-e-type=\"section\" data-settings=\"{&quot;stretch_section&quot;:&quot;section-stretched&quot;}\">\n\t\t\t\t\t\t<div class=\"elementor-container elementor-column-gap-default\">\n\t\t\t\t\t<div class=\"elementor-column elementor-col-100 elementor-top-column elementor-element elementor-element-5cbb4ae4\" data-id=\"5cbb4ae4\" data-element_type=\"column\" data-e-type=\"column\">\n\t\t\t<div class=\"elementor-widget-wrap elementor-element-populated\">\n\t\t\t\t\t\t<div class=\"elementor-element elementor-element-7f84d655 elementor-widget elementor-widget-text-editor\" data-id=\"7f84d655\" data-element_type=\"widget\" data-e-type=\"widget\" data-widget_type=\"text-editor.default\">\n\t\t\t\t<div class=\"elementor-widget-container\">\n\t\t\t\t\t<style>.elementor-element-7f84d655{display:none !important}<\/style>\t\t\t\t<\/div>\n\t\t\t\t<\/div>\n\t\t\t\t\t<\/div>\n\t\t<\/div>\n\t\t\t\t\t<\/div>\n\t\t<\/section>\n\t\t\t\t<section class=\"elementor-section elementor-top-section elementor-element elementor-element-e316d94 elementor-section-full_width elementor-section-stretched elementor-section-height-default elementor-section-height-default\" data-id=\"e316d94\" data-element_type=\"section\" data-e-type=\"section\" data-settings=\"{&quot;stretch_section&quot;:&quot;section-stretched&quot;}\">\n\t\t\t\t\t\t<div class=\"elementor-container elementor-column-gap-default\">\n\t\t\t\t\t<div class=\"elementor-column elementor-col-100 elementor-top-column elementor-element elementor-element-72e8422\" data-id=\"72e8422\" data-element_type=\"column\" data-e-type=\"column\">\n\t\t\t<div class=\"elementor-widget-wrap elementor-element-populated\">\n\t\t\t\t\t\t<div class=\"elementor-element elementor-element-316f9f4 elementor-widget elementor-widget-text-editor\" data-id=\"316f9f4\" data-element_type=\"widget\" data-e-type=\"widget\" data-widget_type=\"text-editor.default\">\n\t\t\t\t<div class=\"elementor-widget-container\">\n\t\t\t\t\t\t\t\t\t<p><\/p>\n<h1><strong>WWW.MEETMEATANDTRADE-MARKETPLACE.COM Y WWW.MEETMEATANDTRADE.COM.<\/strong><\/h1>\n<p><\/p>\n<div>\n<p style=\"text-align: center;\"><strong>INFORMACI\u00d3N PREVIA<\/strong><\/p>\n<p><strong>Utilizaci\u00f3n de cookies propias t\u00e9cnicas<\/strong><\/p>\n<p>Este sitio web utiliza Cookies propias para recopilar informaci\u00f3n con la finalidad t\u00e9cnica, no se recaban ni ceden sus datos de car\u00e1cter personal sin su consentimiento. <br \/>Asimismo, se informa que este sitio web dispone de enlaces a sitios web de terceros con pol\u00edticas de privacidad ajenas a MEET MEAT AND TRADE SL.<\/p>\n<p><strong>Utilizaci\u00f3n de cookies propias y de terceros t\u00e9cnicas<\/strong><\/p>\n<p>Este sitio web utiliza Cookies propias y de terceros para recopilar informaci\u00f3n con la finalidad t\u00e9cnica, no se recaban ni ceden sus datos de car\u00e1cter personal sin su consentimiento. <br \/>Asimismo, se informa que este sitio web dispone de enlaces a sitios web de terceros con pol\u00edticas de privacidad ajenas a MEET MEAT AND TRADE SL.<\/p>\n<p>Al pulsar M\u00c1S INFO, se deber\u00e1 dirigir al usuario al apartado 2. Pol\u00edtica de cookies y no deber\u00e1 existir un panel de<br \/>configuraci\u00f3n, ya que estas se instalar\u00e1n para el correcto funcionamiento de la p\u00e1gina.<\/p>\n<p><strong>Utilizaci\u00f3n de cookies propias y de publicidad comportamental<\/strong><\/p>\n<p>Este sitio web utiliza Cookies propias para recopilar informaci\u00f3n con la finalidad de mejorar nuestros servicios y mostrarle publicidad relacionada con sus preferencias en base a un perfil elaborado a partir de sus h\u00e1bitos de navegaci\u00f3n. El usuario tiene la posibilidad de obtener m\u00e1s informaci\u00f3n y configurar sus preferencias AQU\u00cd.<\/p>\n<p><strong>Utilizaci\u00f3n de cookies propias, terceros y de publicidad comportamental<\/strong><\/p>\n<p>Este sitio web utiliza Cookies propias y de terceros, para recopilar informaci\u00f3n con la finalidad de mejorar nuestros servicios y mostrarle publicidad relacionada con sus preferencias, en base a un perfil elaborado a partir de sus h\u00e1bitos de navegaci\u00f3n. El usuario tiene la posibilidad de obtener m\u00e1s informaci\u00f3n y configurar sus preferencias AQUI.<\/p>\n<p><strong>Utilizaci\u00f3n de cookies propias, terceros, publicidad y an\u00e1lisis<\/strong><\/p>\n<p>Este sitio web utiliza Cookies propias y de terceros, para recopilar informaci\u00f3n con la finalidad de mejorar nuestros servicios, para mostrarle publicidad relacionada con sus preferencias, as\u00ed como analizar sus h\u00e1bitos de navegaci\u00f3n. El usuario tiene la posibilidad de obtener m\u00e1s informaci\u00f3n y configurar sus preferencias AQU\u00cd.<\/p>\n<p><strong>Utilizaci\u00f3n de cookies propias t\u00e9cnicas y de an\u00e1lisis<\/strong><\/p>\n<p>Este sitio web utiliza Cookies propias para recopilar informaci\u00f3n con la finalidad de mejorar nuestros servicios y as\u00ed como el an\u00e1lisis de sus h\u00e1bitos de navegaci\u00f3n. El usuario tiene la posibilidad de configurar sus preferencias AQUI.<\/p>\n<p><strong>Utilizaci\u00f3n de cookies propias, terceros, t\u00e9cnicas y de an\u00e1lisis<\/strong><\/p>\n<p>Este sitio web utiliza Cookies propias y de terceros para recopilar informaci\u00f3n con la finalidad de mejorar nuestros servicios y as\u00ed como el an\u00e1lisis de sus h\u00e1bitos de navegaci\u00f3n. El usuario tiene la posibilidad de configurar sus preferencias AQUI.<\/p>\n<p style=\"text-align: center;\"><strong>PANEL DE CONFIGURACI\u00d3N<\/strong><\/p>\n<p>Cuando se pulse Configuraci\u00f3n personalizada o AQU\u00cd, se deber\u00e1 insertar un link que se dirija a un panel de configuraci\u00f3n en el que el usuario pueda optar entre aceptar o no las cookies de forma granular:<\/p>\n<p>MEET MEAT AND TRADE SL informa al usuario de que tiene la posibilidad de configurar sus preferencias en referencia a la instalaci\u00f3n de cookies:<\/p>\n<p><strong>Utilizaci\u00f3n de cookies propias de publicidad comportamental o utilizaci\u00f3n de cookies propias y de terceros de publicidad comportamental<\/strong><\/p>\n<p>Puede habilitar y deshabilitar las cookies seg\u00fan sus finalidades:<\/p>\n<ol>\n<li>T\u00e9cnicas: son aquellas que permiten al usuario la navegaci\u00f3n a trav\u00e9s de una p\u00e1gina web, plataforma o aplicaci\u00f3n y la utilizaci\u00f3n de las diferentes opciones o servicios que en ella existan.\u00a0<\/li>\n<li>Publicidad comportamental: son aquellas que almacenan informaci\u00f3n del comportamiento de los usuarios obtenida a trav\u00e9s de la observaci\u00f3n continuada de sus h\u00e1bitos de navegaci\u00f3n, lo que permite desarrollar un perfil espec\u00edfico para mostrar publicidad en funci\u00f3n del mismo.<\/li>\n<\/ol>\n<p><strong>Utilizaci\u00f3n de cookies propias de an\u00e1lisis o utilizaci\u00f3n de cookies propias y de terceros de an\u00e1lisis<\/strong><\/p>\n<p>Puede habilitar y deshabilitar las cookies seg\u00fan sus finalidades:<\/p>\n<ol>\n<li>T\u00e9cnicas: son aquellas que permiten al usuario la navegaci\u00f3n a trav\u00e9s de una p\u00e1gina web, plataforma o aplicaci\u00f3n y la utilizaci\u00f3n de las diferentes opciones o servicios que en ella existan.<br \/><br \/><\/li>\n<li>Anal\u00edticas: son aquellas que permiten al responsable de las mismas el seguimiento y an\u00e1lisis del comportamiento de los usuarios de los sitios web a los que est\u00e1n vinculadas.<\/li>\n<\/ol>\n<p><strong>Utilizaci\u00f3n de cookies propias, terceros de an\u00e1lisis y publicidad comportamental<\/strong><\/p>\n<p>Puede habilitar y deshabilitar las cookies seg\u00fan sus finalidades:<\/p>\n<ol>\n<li>T\u00e9cnicas: son aquellas que permiten al usuario la navegaci\u00f3n a trav\u00e9s de una p\u00e1gina web, plataforma o aplicaci\u00f3n y la utilizaci\u00f3n de las diferentes opciones o servicios que en ella existan.\u00a0<\/li>\n<li>Anal\u00edticas: son aquellas que permiten al responsable de lasmismas el seguimiento y an\u00e1lisis del comportamiento de losusuarios de los sitios web a los que est\u00e1n vinculadas.<\/li>\n<li>Publicidad comportamental: son aquellas que almacenan informaci\u00f3n del comportamiento de los usuarios obtenida a trav\u00e9s de la observaci\u00f3n continuada de sus h\u00e1bitos de navegaci\u00f3n, lo que permite desarrollar un perfil espec\u00edfico para mostrar publicidad en funci\u00f3n del mismo.<\/li>\n<\/ol>\n<p>Al pulsar \u201cACEPTAR TODO\u201d se aceptar\u00e1 la instalaci\u00f3n de todas las cookies y al pulsar \u201cRECHAZAR TODO\u201d se rechazar\u00e1n todas las cookies.<\/p>\n<p>Al pulsar \u201cGUARDAR CONFIGURACI\u00d3N\u201d, se guardar\u00e1 la selecci\u00f3n de cookies que el usuario haya realizado. Si no se ha seleccionado ninguna opci\u00f3n, pulsar este bot\u00f3n equivaldr\u00e1 a rechazar todas las cookies.<\/p>\n<p>Por \u00faltimo, recuerde que debe actualizar la tabla del documento Pol\u00edtica de cookies, indicando las Cookies que su p\u00e1gina web instala con la navegaci\u00f3n por parte del usuario.<\/p>\n<h1><strong>WWW.MEETMEATANDTRADE-MARKETPLACE.COM Y WWW.MEETMEATANDTRADE.COM<\/strong><\/h1>\n<p style=\"text-align: center;\"><strong>POL\u00cdTICA DE COOKIES<\/strong><\/p>\n<p>Conforme a lo dispuesto en el art\u00edculo 22.2 de la Ley 34\/2002, de 11 de julio, de Servicios de la Sociedad de la Informaci\u00f3n y de Comercio Electr\u00f3nico (LSSI-CE) vigente, MEET MEAT AND TRADE SL debe cumplir con la obligaci\u00f3n de informar sobre las cookies que utiliza y sus finalidades.<\/p>\n<p>Este sitio web utiliza cookies y\/o tecnolog\u00edas similares que almacenan y recuperan informaci\u00f3n cuando navegas. Las cookies permiten a una p\u00e1gina web, entre otras cosas, almacenar y recuperar informaci\u00f3n sobre los h\u00e1bitos de navegaci\u00f3n de un Usuario o de su equipo y, dependiendo de la informaci\u00f3n que contenga y de la forma en que utilice su equipo, pueden utilizarse para reconocer al Usuario.<\/p>\n<p>Las cookies son esenciales para el funcionamiento de internet, aportando innumerables ventajas en la prestaci\u00f3n de servicios interactivos, facilit\u00e1ndole al Usuario la navegaci\u00f3n y usabilidad de nuestra web.<\/p>\n<p>El usuario puede modificar la configuraci\u00f3n personalizada AQU\u00cd.<\/p>\n<p>La informaci\u00f3n que le proporcionamos a continuaci\u00f3n le ayudar\u00e1 a comprender los diferentes tipos de cookies:<\/p>\n<p style=\"text-align: center;\"><strong>TIPOS DE COOKIES<\/strong><\/p>\n<p><strong>SEG\u00daN LA ENTIDAD QUE LAS GESTIONE<\/strong><\/p>\n<ul>\n<li>COOKIES PROPIAS: Son aquellas que se env\u00edan al equipo terminal del usuario desde un equipo o dominio gestionado por el propio editor y desde el que se presta el servicio solicitado por el usuario.<\/li>\n<li>COOKIES DE TERCERO: Son aquellas que se env\u00edan al equipo terminal del usuario desde un equipo o dominio que no es gestionado por el editor, sino por otra entidad que trata los datos obtenidos a trav\u00e9s de las cookies.\u00a0<\/li>\n<\/ul>\n<p><strong>SEG\u00daN EL PLAZO DE TIEMPO QUE PERMANEZCAN ACTIVADAS<\/strong><\/p>\n<ul>\n<li>COOKIES DE SESI\u00d3N: Son aquellas dise\u00f1adas para recabar y almacenar datos mientras el usuario accede a una p\u00e1gina web. Se suelen emplear para almacenar informaci\u00f3n que solo interesa conservar para la prestaci\u00f3n del servicio solicitado por el usuario en una sola ocasi\u00f3n (por ejemplo, una lista de productos adquiridos) y desaparecen al terminar la sesi\u00f3n.<\/li>\n<li>COOKIES PERSISTENTES: Son aquellas en las que los datos siguen almacenados en el terminal y pueden ser accedidos y tratados durante un periodo definido por el responsable de la cookie, y que puede ir de unos minutos a varios a\u00f1os.\u00a0<\/li>\n<\/ul>\n<p><strong>SEG\u00daN SU FINALIDAD<\/strong><\/p>\n<ul>\n<li>COOKIES T\u00c9CNICAS: Son aquellas que permiten al usuario la navegaci\u00f3n a trav\u00e9s de una p\u00e1gina web, plataforma o aplicaci\u00f3n y la utilizaci\u00f3n de las diferentes opciones o servicios que en ella existan.<\/li>\n<li>COOKIES DE PERSONALIZACI\u00d3N: Permiten aplicar caracter\u00edsticas propias para la navegaci\u00f3n del usuario por el website (Ej. idioma).\u00a0<\/li>\n<li>COOKIES DE AN\u00c1LISIS: Son aquellas que permiten al responsable de estas el seguimiento y an\u00e1lisis del comportamiento de los usuarios de los sitios web a los que est\u00e1n vinculadas, incluida la cuantificaci\u00f3n de los impactos de los anuncios. La informaci\u00f3n recogida mediante este tipo de cookies se utiliza en la medici\u00f3n de la actividad de los sitios web, aplicaci\u00f3n o plataforma, con el fin de introducir mejoras en funci\u00f3n del an\u00e1lisis de los datos de uso que hacen los usuarios del servicio.\u00a0<\/li>\n<li>COOKIES PUBLICITARIAS: Permiten al editor incluir en la p\u00e1gina web espacios publicitarios, seg\u00fan el contenido de la propia web.\u00a0<\/li>\n<li>COOKIES DE PUBLICIDAD COMPORTAMENTAL: Son aquellas que almacenan informaci\u00f3n del comportamiento de los usuarios obtenida a trav\u00e9s de la observaci\u00f3n continuada de sus h\u00e1bitos de navegaci\u00f3n, lo que permite desarrollar un perfil espec\u00edfico para mostrar publicidad en funci\u00f3n del mismo.\u00a0<\/li>\n<\/ul>\n<p>Adicionalmente, MEET MEAT AND TRADE SL informa de manera m\u00e1s detallada de las cookies que utiliza sus titulares, el uso o finalidad concreta, los plazos de conservaci\u00f3n, as\u00ed como de las posibles Transferencias Internacionales de datos de cada una de ellas utilizadas en nuestra p\u00e1gina web:<\/p>\n<p>Puede informarse de las transferencias internacionales a terceros pa\u00edses que, en su caso, realizan los TERCEROS, identificados en esta pol\u00edtica de cookies, en sus correspondientes pol\u00edticas (hacer click encima del titular de la cookie).<\/p>\n<p>MEET MEAT AND TRADE SL informa de manera m\u00e1s exhaustiva la informaci\u00f3n relativa a las transferencias internacionales derivadas de la utilizaci\u00f3n de cookies propias:<\/p>\n<p>T\u00e9ngase en cuenta que, si acepta las cookies de terceros, deber\u00e1 eliminarlas desde las opciones del navegador o desde el sistema ofrecido por el propio tercero.<\/p>\n<p>A continuaci\u00f3n, le proporcionamos los enlaces de diversos navegadores, a trav\u00e9s de los cuales podr\u00e1 modificar la configuraci\u00f3n de su navegador sobre el uso de cookies:<\/p>\n<p>Firefox: http:\/\/support.mozilla.org\/es\/kb\/habilitar-y-deshabilitar-cookies-que-los-sitios-we<\/p>\n<p>Chrome: http:\/\/support.google.com\/chrome\/bin\/answer.py?hl=es&amp;answer=95647<\/p>\n<p>Internet Explorer: http:\/\/windows.microsoft.com\/es-es\/internet-explorer\/delete-manage-cookies#ie=ie10<\/p>\n<p>Microsoft Edge: https:\/\/support.microsoft.com\/es-es\/microsoft-edge\/eliminar-las-cookies-en-microsoftedge-63947406-40ac-c3b8-57b9-2a946a29ae09<\/p>\n<p>Safari: https:\/\/support.apple.com\/kb\/ph17191?locale=es_ES<\/p>\n<p>Opera: https:\/\/help.opera.com\/en\/latest\/web-preferences\/#cookies<\/p>\n<p>Para conocer m\u00e1s informaci\u00f3n sobre el tratamiento de datos personales, le recomendamos visitar nuestro apartado \u201cPol\u00edtica de Privacidad\u201d.<\/p>\n<p><strong>\u00daltima actualizaci\u00f3n<\/strong>: 2 de mayo de 2023<\/p>\n<\/div>\n<p><\/p>\n<p><\/p>\n<p><\/p>\t\t\t\t\t\t\t\t<\/div>\n\t\t\t\t<\/div>\n\t\t\t\t\t<\/div>\n\t\t<\/div>\n\t\t\t\t\t<\/div>\n\t\t<\/section>\n\t\t\t\t<\/div>","protected":false},"excerpt":{"rendered":"<p>WWW.MEETMEATANDTRADE-MARKETPLACE.COM AND WWW.MEETMEATANDTRADE.COM. previous information Use of own technical cookies This website uses its own Cookies to collect information for technical purposes, your personal data is not collected or transferred without your consent.Likewise, it is reported that this website has links to third-party websites with privacy policies unrelated to MEET MEAT AND TRADE SL. Use &#8230; <a title=\"POLITICS OF COOKIES\" class=\"read-more\" href=\"https:\/\/meetmeatandtrade.com\/es\/politics-of-cookies\/\" aria-label=\"Leer m\u00e1s sobre POLITICS OF COOKIES\">Leer m\u00e1s<\/a><\/p>","protected":false},"author":2,"featured_media":0,"parent":0,"menu_order":0,"comment_status":"closed","ping_status":"closed","template":"","meta":{"footnotes":""},"class_list":["post-232","page","type-page","status-publish"],"yoast_head":"<!-- This site is optimized with the Yoast SEO plugin v27.2 - https:\/\/yoast.com\/product\/yoast-seo-wordpress\/ -->\n<title>POLITICS OF COOKIES -<\/title>\n<meta name=\"robots\" content=\"index, follow, max-snippet:-1, max-image-preview:large, max-video-preview:-1\" \/>\n<link rel=\"canonical\" href=\"https:\/\/meetmeatandtrade.com\/es\/politics-of-cookies\/\" \/>\n<meta property=\"og:locale\" content=\"es_ES\" \/>\n<meta property=\"og:type\" content=\"article\" \/>\n<meta property=\"og:title\" content=\"POLITICS OF COOKIES -\" \/>\n<meta property=\"og:description\" content=\"WWW.MEETMEATANDTRADE-MARKETPLACE.COM AND WWW.MEETMEATANDTRADE.COM. previous information Use of own technical cookies This website uses its own Cookies to collect information for technical purposes, your personal data is not collected or transferred without your consent.Likewise, it is reported that this website has links to third-party websites with privacy policies unrelated to MEET MEAT AND TRADE SL. Use ... Leer m\u00e1s\" \/>\n<meta property=\"og:url\" content=\"https:\/\/meetmeatandtrade.com\/es\/politics-of-cookies\/\" \/>\n<meta property=\"article:modified_time\" content=\"2023-05-30T16:03:57+00:00\" \/>\n<meta name=\"twitter:card\" content=\"summary_large_image\" \/>\n<meta name=\"twitter:label1\" content=\"Tiempo de lectura\" \/>\n\t<meta name=\"twitter:data1\" content=\"17 minutos\" \/>\n<script type=\"application\/ld+json\" class=\"yoast-schema-graph\">{\"@context\":\"https:\/\/schema.org\",\"@graph\":[{\"@type\":\"WebPage\",\"@id\":\"https:\/\/meetmeatandtrade.com\/politics-of-cookies\/\",\"url\":\"https:\/\/meetmeatandtrade.com\/politics-of-cookies\/\",\"name\":\"POLITICS OF COOKIES -\",\"isPartOf\":{\"@id\":\"https:\/\/meetmeatandtrade.com\/#website\"},\"datePublished\":\"2019-10-02T10:43:34+00:00\",\"dateModified\":\"2023-05-30T16:03:57+00:00\",\"breadcrumb\":{\"@id\":\"https:\/\/meetmeatandtrade.com\/politics-of-cookies\/#breadcrumb\"},\"inLanguage\":\"es\",\"potentialAction\":[{\"@type\":\"ReadAction\",\"target\":[\"https:\/\/meetmeatandtrade.com\/politics-of-cookies\/\"]}]},{\"@type\":\"BreadcrumbList\",\"@id\":\"https:\/\/meetmeatandtrade.com\/politics-of-cookies\/#breadcrumb\",\"itemListElement\":[{\"@type\":\"ListItem\",\"position\":1,\"name\":\"Home\",\"item\":\"https:\/\/meetmeatandtrade.com\/\"},{\"@type\":\"ListItem\",\"position\":2,\"name\":\"POLITICS OF COOKIES\"}]},{\"@type\":\"WebSite\",\"@id\":\"https:\/\/meetmeatandtrade.com\/#website\",\"url\":\"https:\/\/meetmeatandtrade.com\/\",\"name\":\"\",\"description\":\"\",\"potentialAction\":[{\"@type\":\"SearchAction\",\"target\":{\"@type\":\"EntryPoint\",\"urlTemplate\":\"https:\/\/meetmeatandtrade.com\/?s={search_term_string}\"},\"query-input\":{\"@type\":\"PropertyValueSpecification\",\"valueRequired\":true,\"valueName\":\"search_term_string\"}}],\"inLanguage\":\"es\"}]}<\/script>\n<!-- \/ Yoast SEO plugin. -->","yoast_head_json":{"title":"POLITICS OF COOKIES -","robots":{"index":"index","follow":"follow","max-snippet":"max-snippet:-1","max-image-preview":"max-image-preview:large","max-video-preview":"max-video-preview:-1"},"canonical":"https:\/\/meetmeatandtrade.com\/es\/politics-of-cookies\/","og_locale":"es_ES","og_type":"article","og_title":"POLITICS OF COOKIES -","og_description":"WWW.MEETMEATANDTRADE-MARKETPLACE.COM AND WWW.MEETMEATANDTRADE.COM. previous information Use of own technical cookies This website uses its own Cookies to collect information for technical purposes, your personal data is not collected or transferred without your consent.Likewise, it is reported that this website has links to third-party websites with privacy policies unrelated to MEET MEAT AND TRADE SL. Use ... Leer m\u00e1s","og_url":"https:\/\/meetmeatandtrade.com\/es\/politics-of-cookies\/","article_modified_time":"2023-05-30T16:03:57+00:00","twitter_card":"summary_large_image","twitter_misc":{"Tiempo de lectura":"17 minutos"},"schema":{"@context":"https:\/\/schema.org","@graph":[{"@type":"WebPage","@id":"https:\/\/meetmeatandtrade.com\/politics-of-cookies\/","url":"https:\/\/meetmeatandtrade.com\/politics-of-cookies\/","name":"POLITICS OF COOKIES -","isPartOf":{"@id":"https:\/\/meetmeatandtrade.com\/#website"},"datePublished":"2019-10-02T10:43:34+00:00","dateModified":"2023-05-30T16:03:57+00:00","breadcrumb":{"@id":"https:\/\/meetmeatandtrade.com\/politics-of-cookies\/#breadcrumb"},"inLanguage":"es","potentialAction":[{"@type":"ReadAction","target":["https:\/\/meetmeatandtrade.com\/politics-of-cookies\/"]}]},{"@type":"BreadcrumbList","@id":"https:\/\/meetmeatandtrade.com\/politics-of-cookies\/#breadcrumb","itemListElement":[{"@type":"ListItem","position":1,"name":"Home","item":"https:\/\/meetmeatandtrade.com\/"},{"@type":"ListItem","position":2,"name":"POLITICS OF COOKIES"}]},{"@type":"WebSite","@id":"https:\/\/meetmeatandtrade.com\/#website","url":"https:\/\/meetmeatandtrade.com\/","name":"","description":"","potentialAction":[{"@type":"SearchAction","target":{"@type":"EntryPoint","urlTemplate":"https:\/\/meetmeatandtrade.com\/?s={search_term_string}"},"query-input":{"@type":"PropertyValueSpecification","valueRequired":true,"valueName":"search_term_string"}}],"inLanguage":"es"}]}},"_links":{"self":[{"href":"https:\/\/meetmeatandtrade.com\/es\/wp-json\/wp\/v2\/pages\/232","targetHints":{"allow":["GET"]}}],"collection":[{"href":"https:\/\/meetmeatandtrade.com\/es\/wp-json\/wp\/v2\/pages"}],"about":[{"href":"https:\/\/meetmeatandtrade.com\/es\/wp-json\/wp\/v2\/types\/page"}],"author":[{"embeddable":true,"href":"https:\/\/meetmeatandtrade.com\/es\/wp-json\/wp\/v2\/users\/2"}],"replies":[{"embeddable":true,"href":"https:\/\/meetmeatandtrade.com\/es\/wp-json\/wp\/v2\/comments?post=232"}],"version-history":[{"count":29,"href":"https:\/\/meetmeatandtrade.com\/es\/wp-json\/wp\/v2\/pages\/232\/revisions"}],"predecessor-version":[{"id":4712,"href":"https:\/\/meetmeatandtrade.com\/es\/wp-json\/wp\/v2\/pages\/232\/revisions\/4712"}],"wp:attachment":[{"href":"https:\/\/meetmeatandtrade.com\/es\/wp-json\/wp\/v2\/media?parent=232"}],"curies":[{"name":"wp","href":"https:\/\/api.w.org\/{rel}","templated":true}]}}