{"id":206,"date":"2019-10-02T09:43:07","date_gmt":"2019-10-02T09:43:07","guid":{"rendered":"http:\/\/meetmeatandtrade.com\/?page_id=206"},"modified":"2022-11-10T10:42:07","modified_gmt":"2022-11-10T10:42:07","slug":"terms-and-conditions","status":"publish","type":"page","link":"https:\/\/meetmeatandtrade.com\/es\/terms-and-conditions\/","title":{"rendered":"TERMS AND CONDITIONS MARKETPLACE"},"content":{"rendered":"<div data-elementor-type=\"wp-page\" data-elementor-id=\"206\" class=\"elementor elementor-206\" data-elementor-post-type=\"page\">\n\t\t\t\t\t\t<section class=\"elementor-section elementor-top-section elementor-element elementor-element-9cc33b2 elementor-section-full_width elementor-section-stretched elementor-section-height-default elementor-section-height-default\" data-id=\"9cc33b2\" data-element_type=\"section\" data-e-type=\"section\" data-settings=\"{&quot;stretch_section&quot;:&quot;section-stretched&quot;}\">\n\t\t\t\t\t\t<div class=\"elementor-container elementor-column-gap-default\">\n\t\t\t\t\t<div class=\"elementor-column elementor-col-100 elementor-top-column elementor-element elementor-element-60bc13a\" data-id=\"60bc13a\" data-element_type=\"column\" data-e-type=\"column\">\n\t\t\t<div class=\"elementor-widget-wrap elementor-element-populated\">\n\t\t\t\t\t\t<div class=\"elementor-element elementor-element-574d6d5 elementor-widget elementor-widget-text-editor\" data-id=\"574d6d5\" data-element_type=\"widget\" data-e-type=\"widget\" data-widget_type=\"text-editor.default\">\n\t\t\t\t<div class=\"elementor-widget-container\">\n\t\t\t\t\t\t\t\t\t<p><\/p>\n<p><\/p>\n<h1 style=\"text-align: center;\"><b>TERMINOS Y CONDICIONES DEL B2B<\/b><\/h1>\n<div>\n<p><strong>AVISO LEGAL Y CONDICIONES GENERALES DE USO DEL SITIO WEB<\/strong><br><strong>MEET MEAT AND TRADE SL &#8211; www.meetmeatandtrade.com<\/strong><\/p>\n<p><b>I. INFORMACION GENERAL<\/b><\/p>\n<p>En cumplimiento con el deber de informaci\u00f3n dispuesto en la Ley 34\/2002 de Servicios de la Sociedad de la Informaci\u00f3n y el Comercio Electr\u00f3nico (LSSI-CE) de 11 de julio, facilite a continuaci\u00f3n los siguientes datos de informaci\u00f3n general de este sitio web:<\/p>\n<p>La titularidad de este sitio web, MEET MEAT AND TRADE SL (www.meetmeatandtrade.com), (en adelante, Web) lo tiene: MEET MEAT AND TRADE SL, con NIF (CIF): ES B40575904 e inscrito en: VALENCIA ESPA\u00d1A con los siguientes datos: 2019\/364, Lomo 10654 Folio 179, cuyo representante es: YASSER EDER SINISTERRA BURBANO, y cuyos datos de contacto son:<\/p>\n<ul>\n<li><b>Direcci\u00f3n: C \/ Guillem of Castro No. 9, 46007 Valencia Espa\u00f1a<\/b><\/li>\n<li><b>Tel\u00e9fono de contacto: +34620 02 77 58<\/b><\/li>\n<li><b>Correo electr\u00f3nico de contacto: info@meetmeatandtrade.com<\/b><\/li>\n<\/ul>\n<p><strong>II. T\u00c9RMINOS Y CONDICIONES GENERALES DE USO<\/strong><\/p>\n<p>Objeto de las condiciones: El Sitio Web<\/p>\n<p>Las presentes Condiciones Generales de Uso (en adelante, Condiciones) tienen por objeto regular el acceso y uso del Sitio Web. A los efectos de las presentes Condiciones se entender\u00e1 como Sitio Web: la apariencia externa de las interfaces de pantalla, tanto de forma est\u00e1tica como de forma din\u00e1mica, es decir, el \u00e1rbol de navegaci\u00f3n; y todos los elementos integrados tanto en las interfaces de pantalla como en el \u00e1rbol de navegaci\u00f3n (en adelante, Contenidos) y todos aquellos servicios o recursos en l\u00ednea que en su caso se ofrecen a los Usuarios (en adelante, Servicios).<\/p>\n<p>MEET MEAT AND TRADE SL &#8211; https:\/\/www.meetmeatandtrade.com se reserva la facultad de modificar, en cualquier momento, y sin previo aviso, la presentaci\u00f3n y configuraci\u00f3n del Sitio Web y de los Contenidos y Servicios que en \u00e9l pudieran incorporarse. El Usuario reconoce y acepta que en cualquier momento MEET MEAT AND TRADE SL &#8211; https:\/\/www.meetmeatandtrade.com podr\u00e1 interrumpir, desactivar y \/ o cancelar cualquiera de estos elementos que integren en el Sitio Web o el acceso al mismo.<\/p>\n<p>Aparte del coste de conexi\u00f3n a trav\u00e9s de la red de telecomunicaciones suministrada por el prestador de acceso, y que hubiera contratado el Usuario, algunos de los Contenidos o Servicios ofrecidos por MMEET MEAT AND TRADE SL &#8211; https:\/\/www.meetmeatandtrade.com o , en su caso, terceros a trav\u00e9s del Sitio Web pueden encontrarse sujetos a la previa contrataci\u00f3n del Contenido o Servicio, en cuyo caso se especificar\u00e1 de forma clara y \/ o pondr\u00e1 a disposici\u00f3n del Usuario las correspondientes Condiciones Generales o Particulares por las que \u00e9ste rige. .<\/p>\n<p>La utilizaci\u00f3n de cualquiera de los Contenidos o Servicios del Sitio Web se podr\u00e1 hacer mediante la suscripci\u00f3n o registro previo del Usuario.<\/p>\n<p><strong>El usuario<\/strong><\/p>\n<p>El acceso, la navegaci\u00f3n y uso del Sitio Web, as\u00ed como por los espacios habilitados para la interacci\u00f3n entre los Usuarios, y el Usuario y MEET MEAT AND TRADE SL &#8211; https:\/\/www.meetmeatandtrade.com, como los comentarios y \/ o espacios de blogs, confiere la condici\u00f3n de Usuario, por lo que acepta, desde que inicia la navegaci\u00f3n por el Sitio Web, todas las Condiciones aqu\u00ed establecidas, as\u00ed como sus ulteriores modificaciones, sin perjuicio de la aplicaci\u00f3n de la correspondiente normativa legal de obligado cumplimiento seg\u00fan al caso. Dada la importancia de los anteriores, recomienda al Usuario leerlos cada vez que visite el Sitio Web.<\/p>\n<p>El Sitio Web de MEET MEAT AND TRADE SL &#8211; https:\/\/www.meetmeatandtrade.com proporciona gran diversidad de informaci\u00f3n, servicios y datos. El Usuario asume su responsabilidad de hacer un uso correcto del Sitio Web. Esta responsabilidad se extender\u00e1 a:<\/p>\n<ul>\n<li>Un uso de la informaci\u00f3n, Contenidos y \/ o Servicios y datos ofrecidos por MEET MEAT AND TRADE SL &#8211; https:\/\/www.meetmeatandtrade.com sin que sea contrario al titular por las presentes Condiciones, la Ley, la moral o la El orden p\u00fablico, o el de cualquier otra forma puede suponer lesi\u00f3n de los derechos de terceros o del mismo funcionamiento del Sitio Web.<\/li>\n<li>La veracidad y licitud de las informaciones aportadas por el Usuario en las formas difundidas por MEET MEAT AND TRADE SL &#8211; https:\/\/www.meetmeatandtrade.com para el acceso a algunos Contenidos o Servicios ofrecidos por el Sitio Web. De todos modos, el Usuario notificar\u00e1 de forma inmediata a MEET MEAT AND TRADE SL &#8211; https:\/\/www.meetmeatandtrade.com sobre cualquier hecho que permita el uso indebido de la informaci\u00f3n registrada en dichos formularios, como, pero no solo, el robo. , p\u00e9rdida, o el acceso no autorizado a identificadores y \/ o contrase\u00f1as, con el fin de proceder a su inmediata cancelaci\u00f3n.<\/li>\n<\/ul>\n<p>MEET MEAT AND TRADE SL &#8211; https:\/\/www.meetmeatandtrade.com se reserva el derecho a retirar todos aquellos comentarios y aportaciones que vulneren la ley, el respeto a la dignidad de la persona, que sean discriminatorios, xen\u00f3fobos, racistas, pornogr\u00e1ficos, spamming , ese atentado contra la juventud o la infancia, el orden o la seguridad p\u00fablica o que, a su juicio, no result\u00f3 adecuado para su publicaci\u00f3n.<\/p>\n<p>En cualquier caso, MEET MEAT AND TRADE SL &#8211; https:\/\/www.meetmeatandtrade.com no ser\u00e1 responsable de las opiniones vertidas por los Usuarios a trav\u00e9s de comentarios u otras herramientas de blogs o de participaci\u00f3n que puedan tener.<\/p>\n<p>El mero acceso a este Sitio Web no supone entablar ning\u00fan tipo de relaci\u00f3n de car\u00e1cter comercial entre MEET MEAT AND TRADE SL &#8211; https:\/\/www.meetmeatandtrade.com y el Usuario.<\/p>\n<p>El Usuario declara ser mayor de edad y disponer de la capacidad jur\u00eddica suficiente para vincularse por las presentes Condiciones. Por tanto, este Sitio Web de MEET MEAT AND TRADE SL &#8211; https:\/\/www.meetmeatandtrade.com no se dirige a menores de edad. MEET MEAT AND TRADE SL &#8211; https:\/\/www.meetmeatandtrade.com declina cualquier responsabilidad por el incumplimiento de este requisito.<\/p>\n<p><b>Definici\u00f3n y Significados<\/b><\/p>\n<p>A menos que el contexto requiera lo contrario, las siguientes palabras y expresiones tendr\u00e1n los siguientes significados:<br>\u2022 Texto: &#8220;Usted&#8221; se referir\u00e1 al comprador, al vendedor o a ambos.<br>\u2022 Texto: &#8220;Los productos se referir\u00e1n a la oferta de productos c\u00e1rnicos a granel y abiertos para ser ofrecidos o comprados<\/p>\n<p><b>Precios u Oferta o Solicitudes<\/b><\/p>\n<p>M\u00e1s bien, el comprador o el vendedor (publicando o encontrando anuncios) expresar\u00e1 los precios por kilogramo o toneladas m\u00e9tricas. Se sugiere que todos los precios en nuestro sitio web sean NETOS por kilogramo o por tonelada m\u00e9trica y excluyendo todo el IVA o IMPUESTOS LOCALES, en caso de que el Origen y Destino de las partes involucradas en el trato (comprador \/ vendedor) sean los mismos, ambas partes son responsables de acordar las condiciones de pago para cubrir todos los IMPUESTOS o tarifas adicionales de acuerdo con las regulaciones legales de su pa\u00eds.<\/p>\n<p>Todos los costos o tarifas adicionales que se produzcan debido a la cancelaci\u00f3n o posibles reclamos ser\u00e1n solo responsables de las partes involucradas y Meet Meat and Trade no ser\u00e1 responsable de esto.<\/p>\n<p><b>Suscripci\u00f3n y tarifas<\/b><\/p>\n<p>El usuario registrado tendr\u00e1 acceso al sitio web de acuerdo en tiempo con la tarifa de confirmaci\u00f3n por tabla de precios de suscripci\u00f3n, lo que permitir\u00e1 a MEET MEAT AND TRADE SL el cargo en los diferentes m\u00e9todos de pago disponibles en l\u00ednea. Todas las tarifas permiten el acceso completo a toda la base de datos y funciones (oferta, solicitud, licitaci\u00f3n, chat, soporte)<\/p>\n<p>Todos los usuarios registrados tendr\u00e1n tiempo de uso gratuito del sitio web de acuerdo con la suscripci\u00f3n<\/p>\n<p>Los usuarios pueden cancelar la suscripci\u00f3n o darse de baja o ambas antes de la fecha de vencimiento del mes, d\u00eda o a\u00f1o, si esta cancelaci\u00f3n no es procesada por el usuario, la renovaci\u00f3n se realizar\u00e1 autom\u00e1ticamente seg\u00fan su compra (mensual, cada 2, 6 o 12 meses). , MEET MEAT AND TRADE SL se reserva el derecho de informar de la cancelaci\u00f3n, en esta etapa el usuario deber\u00e1 estar comprobando su cuenta y fecha de caducidad de la suscripci\u00f3n.<\/p>\n<p><b>Ofertas<\/b><\/p>\n<p>El Usuario (Compradores \/ Vendedores) debidamente registrado con suscripci\u00f3n activa tendr\u00e1 la opci\u00f3n de<\/p>\n<ul>\n<li>HAGA UNA OFERTA O SOLICITUD<\/li>\n<li>Aceptar o rechazar la oferta recibida<\/li>\n<li>BID respaldan a la contraparte<\/li>\n<\/ul>\n<p>Si la oferta es aceptada durante la negociaci\u00f3n, la confirmaci\u00f3n se confirmar\u00e1 y se enviar\u00e1 a ambas partes para confirmar los productos, el embalaje, las cantidades, los precios, los incoterms y toda la informaci\u00f3n relevante sobre el trato.<\/p>\n<p><b>T\u00e9rminos de pago<\/b>:<\/p>\n<p>Sin embargo, el comprador \/ vendedor, el establecimiento y las condiciones de pago, esto podr\u00eda estar sujeto a la confirmaci\u00f3n final en ambas partes, siempre que dentro de Europa pueda ser capaz de trabajar en la cobertura del seguro por el lado del vendedor. Todos los dem\u00e1s pagos deber\u00e1n haber sido confirmados y pactados entre ambas partes y MEET MEAT AND TRADE SL no se hace responsable de la negociaci\u00f3n final seg\u00fan las condiciones de pago.<\/p>\n<p>En ning\u00fan caso se deber\u00e1 realizar el pago a MEET MEAT AND TRADE SL, sino directamente a los datos del proveedor en caso de que se haya facilitado en el momento en que se registr\u00f3 en su perfil, en caso contrario deber\u00e1 ser y convenido entre ambas partes.<\/p>\n<p><b>Cancelaci\u00f3n<\/b><\/p>\n<p>En caso de que la cancelaci\u00f3n se produzca de un lado u otro (comprador \/ vendedor), esta soluci\u00f3n debe venir de acuerdo entre las partes involucradas y MEET MEAT AND TRADE SL no se hace responsable de los da\u00f1os que esto pudiera causar en la l\u00ednea de producci\u00f3n u otros.<\/p>\n<p><b>Terceros t\u00e9rminos de uso<\/b><\/p>\n<p>Se recomienda a los usuarios verificar y confirmar los t\u00e9rminos y uso del comprador \/ vendedor que podr\u00edan confirmar un trato con bienes, MEET MEAT AND TRADE SL no ser\u00e1 responsable de la no revisi\u00f3n o aceptaci\u00f3n de esta informaci\u00f3n en cada lado<\/p>\n<p><b>III. ACCESO Y NAVEGACI\u00d3N EN EL SITIO WEB: EXCLUSI\u00d3N DE GARANT\u00cdAS Y RESPONSABILIDAD<\/b><\/p>\n<p>MEET MEAT AND TRADE SL &#8211; https:\/\/www.meetmeatandtrade.com no garantiza la continuidad, disponibilidad y utilidad del Sitio Web, ni de los Contenidos o Servicios. MEET MEAT AND TRADE SL &#8211; https:\/\/www.meetmeatandtrade.com har\u00e1 todo lo posible por el buen funcionamiento del Sitio Web, no obstante, no se responsabiliza ni garantiza que el acceso a este Sitio Web no vaya a ser ininterrumpido o que estaba libre de errores.<\/p>\n<p>Ni se responsabiliza ni garantiza que el contenido o software al que se pueda acceder a trav\u00e9s de este Sitio Web, est\u00e9 libre de error o cause un da\u00f1o al sistema inform\u00e1tico (software y hardware) del Usuario. En ning\u00fan caso MEET MEAT AND TRADE SL &#8211; https:\/\/www.meetmeatandtrade.com ser\u00e1 responsable de las p\u00e9rdidas, da\u00f1os o perjuicios de cualquier tipo que se deriven por el acceso, navegaci\u00f3n y uso del Sitio Web, incluyendo, pero no a la limitaci\u00f3n, a la causada a los sistemas inform\u00e1ticos o la causada por la introducci\u00f3n de virus.<\/p>\n<p>MEET MEAT AND TRADE SL &#8211; https:\/\/www.meetmeatandtrade.com Tampoco se hace responsable de los da\u00f1os que pudieran producirse a los usuarios por un uso inadecuado de este Sitio Web. En particular, no se hace responsable en modo alguno de las ca\u00eddas, interrupciones, aver\u00eda o defecto de las telecomunicaciones que pudieran producirse.<\/p>\n<\/div>\n<p><!-- \/wp:html --><!-- wp:paragraph --><\/p>\n<p><!-- \/wp:paragraph --><\/p>\t\t\t\t\t\t\t\t<\/div>\n\t\t\t\t<\/div>\n\t\t\t\t\t<\/div>\n\t\t<\/div>\n\t\t\t\t\t<\/div>\n\t\t<\/section>\n\t\t\t\t<\/div>","protected":false},"excerpt":{"rendered":"<p>B2B TERMS AND CONDITIONS LEGAL NOTICE AND GENERAL CONDITIONS OF USE OF THE WEBSITEMEET MEAT AND TRADE SL &#8211;\u00a0www.meetmeatandtrade.com\u00a0&amp; XXXXXXX (Reffering to MarketPlace) I. GENERAL INFORMATION In fulfillment with the duty of information had in the Law 34\/2002 of Services of the Information Society and the E-commerce (LSSI-CE) of 11 July, facilitate to continuation the &#8230; <a title=\"TERMS AND CONDITIONS MARKETPLACE\" class=\"read-more\" href=\"https:\/\/meetmeatandtrade.com\/es\/terms-and-conditions\/\" aria-label=\"Leer m\u00e1s sobre TERMS AND CONDITIONS MARKETPLACE\">Leer m\u00e1s<\/a><\/p>","protected":false},"author":2,"featured_media":0,"parent":0,"menu_order":0,"comment_status":"closed","ping_status":"closed","template":"","meta":{"footnotes":""},"class_list":["post-206","page","type-page","status-publish"],"yoast_head":"<!-- This site is optimized with the Yoast SEO plugin v27.2 - https:\/\/yoast.com\/product\/yoast-seo-wordpress\/ -->\n<title>TERMS AND CONDITIONS MARKETPLACE -<\/title>\n<meta name=\"robots\" content=\"index, follow, max-snippet:-1, max-image-preview:large, max-video-preview:-1\" \/>\n<link rel=\"canonical\" href=\"https:\/\/meetmeatandtrade.com\/es\/terms-and-conditions\/\" \/>\n<meta property=\"og:locale\" content=\"es_ES\" \/>\n<meta property=\"og:type\" content=\"article\" \/>\n<meta property=\"og:title\" content=\"TERMS AND CONDITIONS MARKETPLACE -\" \/>\n<meta property=\"og:description\" content=\"B2B TERMS AND CONDITIONS LEGAL NOTICE AND GENERAL CONDITIONS OF USE OF THE WEBSITEMEET MEAT AND TRADE SL &#8211;\u00a0www.meetmeatandtrade.com\u00a0&amp; XXXXXXX (Reffering to MarketPlace) I. GENERAL INFORMATION In fulfillment with the duty of information had in the Law 34\/2002 of Services of the Information Society and the E-commerce (LSSI-CE) of 11 July, facilitate to continuation the ... Leer m\u00e1s\" \/>\n<meta property=\"og:url\" content=\"https:\/\/meetmeatandtrade.com\/es\/terms-and-conditions\/\" \/>\n<meta property=\"article:modified_time\" content=\"2022-11-10T10:42:07+00:00\" \/>\n<meta name=\"twitter:card\" content=\"summary_large_image\" \/>\n<meta name=\"twitter:label1\" content=\"Tiempo de lectura\" \/>\n\t<meta name=\"twitter:data1\" content=\"21 minutos\" \/>\n<script type=\"application\/ld+json\" class=\"yoast-schema-graph\">{\"@context\":\"https:\/\/schema.org\",\"@graph\":[{\"@type\":\"WebPage\",\"@id\":\"https:\/\/meetmeatandtrade.com\/terms-and-conditions\/\",\"url\":\"https:\/\/meetmeatandtrade.com\/terms-and-conditions\/\",\"name\":\"TERMS AND CONDITIONS MARKETPLACE -\",\"isPartOf\":{\"@id\":\"https:\/\/meetmeatandtrade.com\/#website\"},\"datePublished\":\"2019-10-02T09:43:07+00:00\",\"dateModified\":\"2022-11-10T10:42:07+00:00\",\"breadcrumb\":{\"@id\":\"https:\/\/meetmeatandtrade.com\/terms-and-conditions\/#breadcrumb\"},\"inLanguage\":\"es\",\"potentialAction\":[{\"@type\":\"ReadAction\",\"target\":[\"https:\/\/meetmeatandtrade.com\/terms-and-conditions\/\"]}]},{\"@type\":\"BreadcrumbList\",\"@id\":\"https:\/\/meetmeatandtrade.com\/terms-and-conditions\/#breadcrumb\",\"itemListElement\":[{\"@type\":\"ListItem\",\"position\":1,\"name\":\"Home\",\"item\":\"https:\/\/meetmeatandtrade.com\/\"},{\"@type\":\"ListItem\",\"position\":2,\"name\":\"TERMS AND CONDITIONS MARKETPLACE\"}]},{\"@type\":\"WebSite\",\"@id\":\"https:\/\/meetmeatandtrade.com\/#website\",\"url\":\"https:\/\/meetmeatandtrade.com\/\",\"name\":\"\",\"description\":\"\",\"potentialAction\":[{\"@type\":\"SearchAction\",\"target\":{\"@type\":\"EntryPoint\",\"urlTemplate\":\"https:\/\/meetmeatandtrade.com\/?s={search_term_string}\"},\"query-input\":{\"@type\":\"PropertyValueSpecification\",\"valueRequired\":true,\"valueName\":\"search_term_string\"}}],\"inLanguage\":\"es\"}]}<\/script>\n<!-- \/ Yoast SEO plugin. -->","yoast_head_json":{"title":"TERMS AND CONDITIONS MARKETPLACE -","robots":{"index":"index","follow":"follow","max-snippet":"max-snippet:-1","max-image-preview":"max-image-preview:large","max-video-preview":"max-video-preview:-1"},"canonical":"https:\/\/meetmeatandtrade.com\/es\/terms-and-conditions\/","og_locale":"es_ES","og_type":"article","og_title":"TERMS AND CONDITIONS MARKETPLACE -","og_description":"B2B TERMS AND CONDITIONS LEGAL NOTICE AND GENERAL CONDITIONS OF USE OF THE WEBSITEMEET MEAT AND TRADE SL &#8211;\u00a0www.meetmeatandtrade.com\u00a0&amp; XXXXXXX (Reffering to MarketPlace) I. GENERAL INFORMATION In fulfillment with the duty of information had in the Law 34\/2002 of Services of the Information Society and the E-commerce (LSSI-CE) of 11 July, facilitate to continuation the ... Leer m\u00e1s","og_url":"https:\/\/meetmeatandtrade.com\/es\/terms-and-conditions\/","article_modified_time":"2022-11-10T10:42:07+00:00","twitter_card":"summary_large_image","twitter_misc":{"Tiempo de lectura":"21 minutos"},"schema":{"@context":"https:\/\/schema.org","@graph":[{"@type":"WebPage","@id":"https:\/\/meetmeatandtrade.com\/terms-and-conditions\/","url":"https:\/\/meetmeatandtrade.com\/terms-and-conditions\/","name":"TERMS AND CONDITIONS MARKETPLACE -","isPartOf":{"@id":"https:\/\/meetmeatandtrade.com\/#website"},"datePublished":"2019-10-02T09:43:07+00:00","dateModified":"2022-11-10T10:42:07+00:00","breadcrumb":{"@id":"https:\/\/meetmeatandtrade.com\/terms-and-conditions\/#breadcrumb"},"inLanguage":"es","potentialAction":[{"@type":"ReadAction","target":["https:\/\/meetmeatandtrade.com\/terms-and-conditions\/"]}]},{"@type":"BreadcrumbList","@id":"https:\/\/meetmeatandtrade.com\/terms-and-conditions\/#breadcrumb","itemListElement":[{"@type":"ListItem","position":1,"name":"Home","item":"https:\/\/meetmeatandtrade.com\/"},{"@type":"ListItem","position":2,"name":"TERMS AND CONDITIONS MARKETPLACE"}]},{"@type":"WebSite","@id":"https:\/\/meetmeatandtrade.com\/#website","url":"https:\/\/meetmeatandtrade.com\/","name":"","description":"","potentialAction":[{"@type":"SearchAction","target":{"@type":"EntryPoint","urlTemplate":"https:\/\/meetmeatandtrade.com\/?s={search_term_string}"},"query-input":{"@type":"PropertyValueSpecification","valueRequired":true,"valueName":"search_term_string"}}],"inLanguage":"es"}]}},"_links":{"self":[{"href":"https:\/\/meetmeatandtrade.com\/es\/wp-json\/wp\/v2\/pages\/206","targetHints":{"allow":["GET"]}}],"collection":[{"href":"https:\/\/meetmeatandtrade.com\/es\/wp-json\/wp\/v2\/pages"}],"about":[{"href":"https:\/\/meetmeatandtrade.com\/es\/wp-json\/wp\/v2\/types\/page"}],"author":[{"embeddable":true,"href":"https:\/\/meetmeatandtrade.com\/es\/wp-json\/wp\/v2\/users\/2"}],"replies":[{"embeddable":true,"href":"https:\/\/meetmeatandtrade.com\/es\/wp-json\/wp\/v2\/comments?post=206"}],"version-history":[{"count":84,"href":"https:\/\/meetmeatandtrade.com\/es\/wp-json\/wp\/v2\/pages\/206\/revisions"}],"predecessor-version":[{"id":4617,"href":"https:\/\/meetmeatandtrade.com\/es\/wp-json\/wp\/v2\/pages\/206\/revisions\/4617"}],"wp:attachment":[{"href":"https:\/\/meetmeatandtrade.com\/es\/wp-json\/wp\/v2\/media?parent=206"}],"curies":[{"name":"wp","href":"https:\/\/api.w.org\/{rel}","templated":true}]}}